{"id":2130,"date":"2019-08-05T13:02:52","date_gmt":"2019-08-05T11:02:52","guid":{"rendered":"https:\/\/beta.suma-ev.de\/?page_id=2130"},"modified":"2020-02-06T10:46:06","modified_gmt":"2020-02-06T09:46:06","slug":"archiv","status":"publish","type":"page","link":"https:\/\/suma-ev.de\/en\/archiv\/","title":{"rendered":"Archive"},"content":{"rendered":"<figure class=\"wp-block-image\"><img loading=\"lazy\" decoding=\"async\" width=\"1024\" height=\"372\" src=\"https:\/\/suma-ev.de\/wp-content\/uploads\/2019\/06\/recipe-1024x372.png\" alt=\"\" class=\"wp-image-1417\" srcset=\"https:\/\/suma-ev.de\/wp-content\/uploads\/2019\/06\/recipe-1024x372.png 1024w, https:\/\/suma-ev.de\/wp-content\/uploads\/2019\/06\/recipe-300x109.png 300w, https:\/\/suma-ev.de\/wp-content\/uploads\/2019\/06\/recipe-768x279.png 768w, https:\/\/suma-ev.de\/wp-content\/uploads\/2019\/06\/recipe.png 1920w\" sizes=\"auto, (max-width: 1024px) 100vw, 1024px\" \/><\/figure>\n\n\n\n<p style=\"font-size:17px\" class=\"has-drop-cap\">Uns gibt es schon sehr lange, n\u00e4mlich seit dem 5. Juli 2004. In dieser Zeit haben wir uns zu einem Dachverband f\u00fcr alternative Suchmaschinen entwickelt, der die eigene Suchmaschine <a href=\"https:\/\/metager.org\">MetaGer<\/a> weiterentwickelt und viele Projekte initiiert. Diese Entwicklungen k\u00f6nnen anhand \u00e4lterer Presseartikel sowie Pressemitteilungen gut nachvollzogen werden.<\/p>\n\n\n\n<hr class=\"wp-block-separator\"\/>\n\n\n\n<h2 class=\"wp-block-heading\">Hier finden Sie Berichte \u00fcber \u00e4ltere Aktivit\u00e4ten des SUMA-EV in umgekehrt chronologischer Reihenfolge<\/h2>\n\n\n\n<h2 class=\"wp-block-heading\">2016:<\/h2>\n\n\n\n<p style=\"font-size:17px\"><strong>&#8222;Projekt: Jugend sicher im Netz&#8220;<\/strong><\/p>\n\n\n\n<p style=\"font-size:17px\">Der SUMA-EV ist im Jahr 2016 zum ersten Mal auch an Schulen aktiv geworden. Wir denken, dass die Gewohnheiten, mit pers\u00f6nlichen Informationen oder Geheimnissen umzugehen, m\u00f6glichst fr\u00fch gepr\u00e4gt werden m\u00fcssen. Zu diesem Zweck haben wir eine thematisch breit angelegte Schulung in Zusammenarbeit mit der Universit\u00e4t Hannover durchgef\u00fchrt, die auch in Zukunft angeboten wird.&nbsp;<br><\/p>\n\n\n\n<hr class=\"wp-block-separator is-style-dots\"\/>\n\n\n\n<h2 class=\"wp-block-heading\">2015:<\/h2>\n\n\n\n<p style=\"font-size:17px\">SUMA-Kongress &amp; Award: Das Internet im Zeitalter von \u00dcberwachung und Manipulation &#8211; der Offene Web-Index und andere Gegenmittel<\/p>\n\n\n\n<p style=\"font-size:17px\">11. Februar 2015, zusammen mit der Hochschule f\u00fcr Angewandte Wissenschaften in Hamburg (HAW), Department Information&nbsp;<br><\/p>\n\n\n\n<figure class=\"wp-block-image\"><a href=\"https:\/\/suma-ev.de\/en\/aktivitaeten\/index.html\/#I183\"><img decoding=\"async\" src=\"https:\/\/suma-ev.de\/wp-content\/uploads\/2019\/10\/tt-kunstumedienhh2.jpg\" alt=\"tt-kunstumedienhh2.jpg\"\/><\/a><\/figure>\n\n\n\n<ul class=\"wp-block-list\"><li>Kongress-Programm mit Videoaufzeichnungen aller Vortr\u00e4ge unter:&nbsp;<a href=\"http:\/\/www.searchstudies.org\/de\/suma2015.html\" target=\"_blank\" rel=\"noreferrer noopener\">http:\/\/www.searchstudies.org\/de\/suma2015.html<\/a><\/li><li>Bericht vom Kongress:&nbsp;<a href=\"https:\/\/suma-ev.de\/en\/presse\/Ausbruch-aus-der-Monokultur.html\/\">Ausbruch aus der Monokultur, 12-ter SUMA-EV Kongress<\/a><\/li><\/ul>\n\n\n\n<hr class=\"wp-block-separator is-style-dots\"\/>\n\n\n\n<h2 class=\"wp-block-heading\">2014:<\/h2>\n\n\n\n<p style=\"font-size:17px\"><strong>SUMA-Kongress &amp; Award: Wege aus der \u00dcberwachungskatastrophe<\/strong><br>12. Februar 2014, im Neuen Rathaus der Landeshauptstadt Hannover&nbsp;<br><\/p>\n\n\n\n<ul class=\"wp-block-list\"><li><a href=\"https:\/\/suma-ev.de\/en\/presse\/Kongress-und-Award-2013-Wege-aus-der-Ueberwachungskatastrophe.html\/\">Kongress-Programm<\/a><\/li><li><a href=\"https:\/\/suma-ev.de\/en\/presse\/Die-Netzpolitische-Wende-muss-von-Europa-ausgehen.html\/\">Der Hintergrund<\/a><\/li><li><a href=\"https:\/\/suma-ev.de\/en\/presse\/Wege-aus-der-Ueberwachungskatastrophe.html\/\">Pressemitteilung nach dem Kongress<\/a><\/li><\/ul>\n\n\n\n<hr class=\"wp-block-separator is-style-dots\"\/>\n\n\n\n<h2 class=\"wp-block-heading\">2012:<\/h2>\n\n\n\n<p style=\"font-size:17px\"><strong>2. SUMA-EV Kongress 2012 mit Verleihung des SUMA Award<\/strong>: Positionen der gro\u00dfen Religionsgemeinschaften in der digitalen Welt, 4.12.2012<\/p>\n\n\n\n<ul class=\"wp-block-list\"><li><a href=\"https:\/\/suma-ev.de\/en\/presse\/Positionen-der-Religionsgemeinschaften-in-der-digitalen-Welt.html\/\">Kongress-Programm<\/a><\/li><li><a href=\"https:\/\/suma-ev.de\/en\/presse\/SUMA-Award2012-fuer-religionen-entdecken.de.html\/\">SUMA Award f\u00fcr religionen-entdecken.de<\/a><\/li><li><a href=\"https:\/\/suma-ev.de\/en\/presse\/Brauchen-wir-im-Internet-ethische-Wegweiser-eine-neue-Netiquette.html\/\">Ethik und Moral im Internet, Vertreter der Weltreligionen und Wikipedia diskutieren<\/a><\/li><\/ul>\n\n\n\n<figure class=\"wp-block-image\"><img decoding=\"async\" src=\"https:\/\/suma-ev.de\/wp-content\/uploads\/2019\/10\/religionen-entdecken.de-buehneklein.jpg\" alt=\"religionen-entdecken.de-buehneklein.jpg\"\/><\/figure>\n\n\n\n<ul class=\"wp-block-list\"><li><a href=\"http:\/\/www.heise.de\/newsticker\/meldung\/Kirche-im-Netz-Zwischen-religioeser-FAQ-und-Hasskommentaren-1762695.html\" target=\"_blank\" rel=\"noreferrer noopener\">Heise Newsticker zum Kongress<\/a><\/li><li><a href=\"http:\/\/www.digital-lernen.de\/nachrichten\/newsticker\/einzelansicht\/artikel\/suma-award-2012-fuer-religionen-entdeckende.html\" target=\"_blank\" rel=\"noreferrer noopener\">Magazin Digital Lernen<\/a><\/li><li><a href=\"http:\/\/www.landeskirche-hannovers.de\/evlka-de\/presse-und-medien\/nachrichten\/2012\/12\/121205_1\" target=\"_blank\" rel=\"noreferrer noopener\">Evangelisch-lutherische Landeskirche Hannovers<\/a><\/li><\/ul>\n\n\n\n<p style=\"font-size:17px\"><strong>Einrichtung und Er\u00f6ffnung der SUMA-EV Gesch\u00e4ftsstelle:<\/strong><br>1. Oktober 2012, Hannover, R\u00f6selerstra\u00dfe 3&nbsp;<br><\/p>\n\n\n\n<figure class=\"wp-block-image\"><img decoding=\"async\" src=\"https:\/\/suma-ev.de\/wp-content\/uploads\/2019\/10\/Screenshot-sat1-4.png\" alt=\"Screenshot-sat1-4.png\"\/><\/figure>\n\n\n\n<p style=\"font-size:17px\"><strong>1. SUMA-EV Kongress 2012<\/strong>&nbsp;zusammen mit den&nbsp;<a href=\"https:\/\/www.fu-berlin.de\/redaktion\/impressum\/datenschutzhinweise\/index.html\" target=\"_blank\" rel=\"noreferrer noopener\">Datenschutzbeauftragten<\/a>&nbsp;und dem ASTA der FU-Berlin:&nbsp;<a href=\"https:\/\/suma-ev.de\/en\/presse\/internet-alternativen-fu-berlin-suma-ev.html\/\">Blo\u00df im Internet. Alternativen<\/a>, 22.3.2012, Medienecho:<\/p>\n\n\n\n<ul class=\"wp-block-list\"><li><a href=\"http:\/\/www.digital-lernen.de\/nachrichten\/technik\/einzelansicht\/artikel\/internetwissenschaftler-fordert-mehr-transparenz-und-vielfalt-bei-suchmaschinen.html\" target=\"_blank\" rel=\"noreferrer noopener\">Internetwissenschaftler fordert mehr Transparenz und Vielfalt bei Suchmaschinen&nbsp;<\/a><\/li><li><a href=\"http:\/\/heise.de\/-1484317\" target=\"_blank\" rel=\"noreferrer noopener\">Regulierung soll Machtmissbrauch bei Suchmaschinen verhindern<\/a><\/li><li><a href=\"http:\/\/netzpolitik.org\/2012\/peter-schaar-zur-sogenannten-datenschutzpolitik-von-google\/\" target=\"_blank\" rel=\"noreferrer noopener\">Der damalige (2012) Bundesdatenschutzbeauftragte Peter Schaar zur Datenschutzpolitik von Google<\/a><\/li><\/ul>\n\n\n\n<figure class=\"wp-block-image\"><img decoding=\"async\" src=\"https:\/\/suma-ev.de\/wp-content\/uploads\/2019\/10\/fu-berlin-22.3.12-1.jpg\" alt=\"fu-berlin-22.3.12-1.JPG\"\/><\/figure>\n\n\n\n<p style=\"font-size:17px\">Vortrag zum SUMA-EV Kongress: &#8222;Internet-Monopoly &amp; was dagegen getan werden kann&#8220;, W. Sander-Beuermann<\/p>\n\n\n\n<ul class=\"wp-block-list\"><li><a href=\"http:\/\/metager.de\/wsb\/monopoly\/\" target=\"_blank\" rel=\"noreferrer noopener\">Vortragsfolien im HTML-Format<\/a><\/li><li><a href=\"http:\/\/metager.de\/wsb\/monopoly\/rede_720.wmv\" target=\"_blank\" rel=\"noreferrer noopener\">Videomitschnitt, Original im WMV-Format<\/a>&nbsp;(ca. 1 GByte)<\/li><li><a href=\"http:\/\/www.youtube.com\/watch?v=ySTap5o_B7k\" target=\"_blank\" rel=\"noreferrer noopener\">via Youtube<\/a><\/li><\/ul>\n\n\n\n<hr class=\"wp-block-separator is-style-dots\"\/>\n\n\n\n<h2 class=\"wp-block-heading\">2011:<\/h2>\n\n\n\n<p style=\"font-size:17px\"><strong><a href=\"https:\/\/suma-ev.de\/en\/forum2011\/programm.html\/\">SUMA-EV Kongress<\/a>&nbsp;und&nbsp;<a href=\"http:\/\/suma-awards.de\/\" target=\"_blank\" rel=\"noreferrer noopener\">SUMA-Awards<\/a>&nbsp;2011:&nbsp;<\/strong>Die Awards &#8211; Preise des SUMA-EV an Projekte f\u00fcr die Zukunft des digitalen WIssens &#8211; gehen an:<\/p>\n\n\n\n<ul class=\"wp-block-list\"><li><a href=\"http:\/\/liquidfeedback.org\/\" target=\"_blank\" rel=\"noreferrer noopener\">Liquid Democracy<\/a>&nbsp;&#8211; f\u00fcr unsere Demokratie<\/li><li><a href=\"http:\/\/l3t.eu\/\" target=\"_blank\" rel=\"noreferrer noopener\">Open Access Lehrbuch<\/a>&nbsp;&#8211; f\u00fcr freien Wissenszugang<\/li><li><a href=\"http:\/\/washabich.de\/\" target=\"_blank\" rel=\"noreferrer noopener\">Was hab&#8216; ich<\/a>&nbsp;&#8211; medizinische Sprache verstehen<\/li><li>Eine Berufsschulklasse probiert sich aus:&nbsp;<a href=\"http:\/\/sbl-koeln.lima-city.de\/\" target=\"_blank\" rel=\"noreferrer noopener\">Praktikumsplatz-Datenbank<\/a><\/li><\/ul>\n\n\n\n<p style=\"font-size:17px\">Die SUMA Awards 2011 Gewinner:&nbsp;<br><\/p>\n\n\n\n<figure class=\"wp-block-image\"><img decoding=\"async\" src=\"https:\/\/suma-ev.de\/wp-content\/uploads\/2019\/10\/suma-awards11-kl.jpg\" alt=\"suma-awards11-kl.JPG\"\/><\/figure>\n\n\n\n<p><a href=\"https:\/\/suma-ev.de\/en\/Bilder\/suma-awards11.JPG\/\" target=\"_blank\" rel=\"noreferrer noopener\">&#8230; f\u00fcr ein gro\u00dfes Foto&nbsp;<strong>hier<\/strong>&nbsp;klicken<\/a><\/p>\n\n\n\n<hr class=\"wp-block-separator is-style-dots\"\/>\n\n\n\n<ul class=\"wp-block-list\"><li>SUMA-Kongress 2011 am 28.9.&nbsp;<a href=\"https:\/\/suma-ev.de\/en\/forum2011\/index.html\/\">Geld verdienen im Internet? &#8211; Die Internet Wirtschaft<\/a><\/li><li>Aktion gegen die Monopolisierung des Internet:&nbsp;<a rel=\"noreferrer noopener\" href=\"http:\/\/suma-lab.de\/gplus.html\" target=\"_blank\">Googleplus &#8211; nein danke!<\/a><\/li><li>SUMA-EV unterst\u00fctzt:&nbsp;<a rel=\"noreferrer noopener\" href=\"http:\/\/vorratsdatenspeicherung.de\/\" target=\"_blank\">Stoppt die Vorratsdatenspeicherung!<\/a>&nbsp;Helfen auch Sie mit!<\/li><li>SUMA-EV Kongress 2008&nbsp;<a rel=\"noreferrer noopener\" href=\"http:\/\/suma-lab.de\/suma-ev\/forum08\/\" target=\"_blank\">Suchmaschinen: IT-politisch, technisch, juristisch&nbsp;<\/a><\/li><li>Seit 2008: Ausschreibung der&nbsp;<a rel=\"noreferrer noopener\" href=\"http:\/\/suma-awards.de\/\" target=\"_blank\">SUMA-Awards<\/a>&nbsp;als neue F\u00f6rderpreise f\u00fcr Suchmaschinen und ihren Einflu\u00df auf alle Bereiche der Gesellschaft<\/li><li>Deutschlandfunk:&nbsp;<a rel=\"noreferrer noopener\" href=\"http:\/\/www.dradio.de\/dlf\/sendunge\/computer\/659715\/\" target=\"_blank\">Suchen im Web 2.0<\/a>, 18.8.2007<\/li><li>Suchmaschinen-Kongress\/4.SUMA-EV Forum am 20.9.2007 in Berlin: &#8222;<a rel=\"noreferrer noopener\" href=\"http:\/\/suma-lab.de\/suma-ev\/forum07\/\" target=\"_blank\">Suchmaschinen &#8211; juristisch, technisch, wirtschaftlich, politisch<\/a>&#8222;<\/li><li>3.SUMA-EV Forum am 28.9.2006 in Berlin: &#8222;<a rel=\"noreferrer noopener\" href=\"http:\/\/suma-lab.de\/suma-ev\/forum06\/\" target=\"_blank\">Suchmaschinen: In Technik, Wirtschaft und Medienkunst<\/a>&#8222;<\/li><li>Vortrag zur Konferenz Suchen und Finden im Internet des M\u00fcnchner Kreis : &#8222;Herausforderungen der n\u00e4chsten Jahre&#8220;<\/li><li>Vortrag zum 22.-ten CCCongress in Berlin (28.12.05) zur Suchmaschinen-Monopol Problematik:&nbsp;<a rel=\"noreferrer noopener\" href=\"http:\/\/events.ccc.de\/congress\/2005\/fahrplan\/events\/1104.de.html\" target=\"_blank\">Search Engines &#8211; Oracles of the Information Society<\/a>&nbsp;und Video-Mitschnitt (mit Prof. Hendrik Speck, Michael Christen, Frederic Philip Thiele, Dr. Wolfgang Sander-Beuermann)<\/li><li>2005: SUMA-EV bietet allen, die Ideen im Suchmaschinenbereich haben und technische Voraussetzungen zur Umsetzung suchen, eine kostenlose Pr\u00e4sentations- und Test-Plattform f\u00fcr innovative Suchmaschinen-Projekte:&nbsp;<a rel=\"noreferrer noopener\" href=\"http:\/\/suma-ev.de\/en\/Testplattform.html\/\" target=\"_blank\">http:\/\/suma-ev.de\/Testplattform.html<\/a>,&nbsp;<a rel=\"noreferrer noopener\" href=\"http:\/\/www.heise.de\/newsticker\/meldung\/64321\" target=\"_blank\">Innovationsf\u00f6rderung f\u00fcr Suchmaschinen<\/a>, daraus sind 2008 die&nbsp;<a rel=\"noreferrer noopener\" href=\"http:\/\/suma-awards.de\/\" target=\"_blank\">SUMA AWARDS<\/a>&nbsp;hervorgegangen<\/li><li>Forum &#8222;<a rel=\"noreferrer noopener\" href=\"http:\/\/suma-lab.de\/suma-ev\/09.05.2005\/\" target=\"_blank\">Portale, Suchmaschinen und ihre Grenzen<\/a>&#8222;, vom 9.5.2005<\/li><li>Forum &#8222;<a rel=\"noreferrer noopener\" href=\"http:\/\/suma-lab.de\/suma-ev\/22.11.2004\/\" target=\"_blank\">Portale und Suchmaschinen &#8211; Wege zum Wissen<\/a>&#8222;, vom 22.11.2004, R\u00fcckblick und Beitr\u00e4ge&nbsp;<a rel=\"noreferrer noopener\" href=\"http:\/\/www.golem.de\/0411\/34880.html\" target=\"_blank\">Medienecho<\/a>&nbsp;zu der Veranstaltung<\/li><li>SUMA-EV im Hearing im&nbsp;<a rel=\"noreferrer noopener\" href=\"http:\/\/www.heise.de\/newsticker\/meldung\/Bundestag-sorgt-sich-um-Vielfalt-im-Suchmaschinenmarkt-101683.html\" target=\"_blank\">Bundestags-Unterausschuss Neue Medien<\/a>&nbsp;zur mangelnden Vielfalt von Suchmaschinen<\/li><li>Zusammenarbeit SUMA-EV mit dem&nbsp;<a rel=\"noreferrer noopener\" href=\"http:\/\/www.bdip.de\/\" target=\"_blank\">Bundesverband deutscher Internet-Portale<\/a><\/li><li>Verhandlungen und Schritte zum Aufbau einer:<br>* dezentralen,<br>* kooperativen und<br>* nicht-monopolistischen Suchmaschinen-Struktur, zun\u00e4chst in Deutschland. Siehe dazu:&nbsp;<a rel=\"noreferrer noopener\" href=\"http:\/\/suma-lab.de\/suma-ev\/images\/focus.jpg\" target=\"_blank\">Interview in: FOCUS, Heft 30 (2004), S. 88<\/a><\/li><li>Der SUMA-EV ging hervor aus Suchmaschinenentwicklungen im&nbsp;<a rel=\"noreferrer noopener\" href=\"http:\/\/noack-grasdorf.de\/\" target=\"_blank\">RRZN<\/a>, dem ehemaligen&nbsp;<a rel=\"noreferrer noopener\" href=\"http:\/\/noack-grasdorf.de\/\" target=\"_blank\">Regionalen Rechenzentrum f\u00fcr Niedersachsen<\/a>&nbsp;an der Leibniz Universit\u00e4t Hannover, jetzt:&nbsp;<a rel=\"noreferrer noopener\" href=\"http:\/\/luis.uni-hannover.de\/\" target=\"_blank\">LUIS<\/a>.<\/li><\/ul>","protected":false},"excerpt":{"rendered":"<p>Uns gibt es schon sehr lange, n\u00e4mlich seit dem 5. Juli 2004. In dieser Zeit haben wir uns zu einem Dachverband f\u00fcr alternative Suchmaschinen&#8230;<\/p>","protected":false},"author":2,"featured_media":2413,"parent":0,"menu_order":0,"comment_status":"closed","ping_status":"closed","template":"","meta":{"footnotes":""},"class_list":["post-2130","page","type-page","status-publish","has-post-thumbnail","hentry"],"_links":{"self":[{"href":"https:\/\/suma-ev.de\/en\/wp-json\/wp\/v2\/pages\/2130","targetHints":{"allow":["GET"]}}],"collection":[{"href":"https:\/\/suma-ev.de\/en\/wp-json\/wp\/v2\/pages"}],"about":[{"href":"https:\/\/suma-ev.de\/en\/wp-json\/wp\/v2\/types\/page"}],"author":[{"embeddable":true,"href":"https:\/\/suma-ev.de\/en\/wp-json\/wp\/v2\/users\/2"}],"replies":[{"embeddable":true,"href":"https:\/\/suma-ev.de\/en\/wp-json\/wp\/v2\/comments?post=2130"}],"version-history":[{"count":27,"href":"https:\/\/suma-ev.de\/en\/wp-json\/wp\/v2\/pages\/2130\/revisions"}],"predecessor-version":[{"id":3254,"href":"https:\/\/suma-ev.de\/en\/wp-json\/wp\/v2\/pages\/2130\/revisions\/3254"}],"wp:featuredmedia":[{"embeddable":true,"href":"https:\/\/suma-ev.de\/en\/wp-json\/wp\/v2\/media\/2413"}],"wp:attachment":[{"href":"https:\/\/suma-ev.de\/en\/wp-json\/wp\/v2\/media?parent=2130"}],"curies":[{"name":"wp","href":"https:\/\/api.w.org\/{rel}","templated":true}]}}