{"id":2321,"date":"2019-08-13T11:39:03","date_gmt":"2019-08-13T09:39:03","guid":{"rendered":"https:\/\/beta.suma-ev.de\/?page_id=2321"},"modified":"2021-11-15T10:22:55","modified_gmt":"2021-11-15T10:22:55","slug":"mitglied-werden","status":"publish","type":"page","link":"https:\/\/suma-ev.de\/en\/mitglied-werden\/","title":{"rendered":"Become a member"},"content":{"rendered":"<figure class=\"wp-block-image size-large\"><img loading=\"lazy\" decoding=\"async\" width=\"1024\" height=\"372\" src=\"https:\/\/suma-ev.de\/wp-content\/uploads\/2020\/02\/legs-1024x372.png\" alt=\"\" class=\"wp-image-3262\" srcset=\"https:\/\/suma-ev.de\/wp-content\/uploads\/2020\/02\/legs-1024x372.png 1024w, https:\/\/suma-ev.de\/wp-content\/uploads\/2020\/02\/legs-300x109.png 300w, https:\/\/suma-ev.de\/wp-content\/uploads\/2020\/02\/legs-768x279.png 768w, https:\/\/suma-ev.de\/wp-content\/uploads\/2020\/02\/legs-1536x558.png 1536w, https:\/\/suma-ev.de\/wp-content\/uploads\/2020\/02\/legs.png 1920w\" sizes=\"auto, (max-width: 1024px) 100vw, 1024px\" \/><\/figure>\n\n\n\n<p class=\"has-drop-cap\" style=\"font-size:17px\">Das Besondere an MetaGer ist, dass die Suchmaschine in einen Tr\u00e4gerverein eingebunden ist. Wir arbeiten als Verein nicht gewinnorientiert! Eine ethische Ausrichtung k\u00f6nnen wir uns also leisten. Das ist sozusagen ein Alleinstellungsmerkmal MetaGers. Das bedeutet auch, dass die Mitglieder des Vereins mitentscheiden k\u00f6nnen, in welche Richtung MetaGer k\u00fcnftig gehen wird und welche Priorit\u00e4ten gesetzt werden. <\/p>\n\n\n\n<hr class=\"wp-block-separator\"\/>\n\n\n\n<h2 class=\"wp-block-heading\">Je st\u00e4rker wir sind, desto mehr k\u00f6nnen wir erreichen<\/h2>\n\n\n\n<p style=\"font-size:17px\">Falls Sie mit dem Gedanken spielen, ein <strong>SUMA-Mitglied<\/strong> zu werden, k\u00f6nnen Sie sich hier \u00fcber die Hintergr\u00fcnde informieren, eine Liste derzeitiger SUMA-Mitglieder sehen und sich bei Interesse ein Beitrittsformular herunterladen.<\/p>\n\n\n\n<p style=\"font-size:18px\"><a href=\"\/en\/mitglieder\/\">Membership<\/a>: alle Vorteile auf einen Blick<\/p>\n\n\n\n<p style=\"font-size:18px\"><a href=\"\/en\/mitglieder\/liste-unserer-mitglieder\/\">List of our members<\/a>: damit Sie wissen, wer noch so alles bei uns ist.<\/p>\n\n\n\n<p style=\"font-size:18px\"><a href=\"https:\/\/metager.org\/beitritt\">Unser Beitrittsformular<\/a>: damit Sie bequem Ihre Mitgliedschaft beginnen k\u00f6nnen.<\/p>","protected":false},"excerpt":{"rendered":"<p>Das Besondere an MetaGer ist, dass die Suchmaschine in einen Tr\u00e4gerverein eingebunden ist. Wir arbeiten als Verein nicht gewinnorientiert! Eine ethische Ausrichtung k\u00f6nnen wir&#8230;<\/p>","protected":false},"author":2,"featured_media":0,"parent":0,"menu_order":0,"comment_status":"closed","ping_status":"closed","template":"","meta":{"footnotes":""},"class_list":["post-2321","page","type-page","status-publish","hentry"],"_links":{"self":[{"href":"https:\/\/suma-ev.de\/en\/wp-json\/wp\/v2\/pages\/2321","targetHints":{"allow":["GET"]}}],"collection":[{"href":"https:\/\/suma-ev.de\/en\/wp-json\/wp\/v2\/pages"}],"about":[{"href":"https:\/\/suma-ev.de\/en\/wp-json\/wp\/v2\/types\/page"}],"author":[{"embeddable":true,"href":"https:\/\/suma-ev.de\/en\/wp-json\/wp\/v2\/users\/2"}],"replies":[{"embeddable":true,"href":"https:\/\/suma-ev.de\/en\/wp-json\/wp\/v2\/comments?post=2321"}],"version-history":[{"count":20,"href":"https:\/\/suma-ev.de\/en\/wp-json\/wp\/v2\/pages\/2321\/revisions"}],"predecessor-version":[{"id":3907,"href":"https:\/\/suma-ev.de\/en\/wp-json\/wp\/v2\/pages\/2321\/revisions\/3907"}],"wp:attachment":[{"href":"https:\/\/suma-ev.de\/en\/wp-json\/wp\/v2\/media?parent=2321"}],"curies":[{"name":"wp","href":"https:\/\/api.w.org\/{rel}","templated":true}]}}