{"id":2335,"date":"2019-08-13T12:11:21","date_gmt":"2019-08-13T10:11:21","guid":{"rendered":"https:\/\/beta.suma-ev.de\/?page_id=2335"},"modified":"2023-04-27T12:04:50","modified_gmt":"2023-04-27T10:04:50","slug":"presse","status":"publish","type":"page","link":"https:\/\/suma-ev.de\/en\/presse\/","title":{"rendered":"Press"},"content":{"rendered":"<figure class=\"wp-block-image\"><img loading=\"lazy\" decoding=\"async\" width=\"1920\" height=\"697\" src=\"https:\/\/suma-ev.de\/wp-content\/uploads\/2019\/07\/taking-notes.png\" alt=\"\" class=\"wp-image-1479\"\/><\/figure>\n\n\n\n<p class=\"has-drop-cap\" style=\"font-size:17px\">Die Pressefreiheit sei die Folge der Denkfreiheit, hat Heinrich Heine seinerzeit sehr treffend formuliert. Zudem ist sie keinesfalls selbstverst\u00e4ndlich, was man t\u00e4glich in den Nachrichten beobachten kann. Umso wichtiger ist es, selbst Teil des Systems zu sein und Meinung und Haltung zu \u00e4u\u00dfern. Mit Interesse beobachten wir, wie unsere Themen vom Journalismus behandelt werden. Vor allem, wenn wir Gegenstand eines Artikels sind.<\/p>\n\n\n\n<hr class=\"wp-block-separator has-css-opacity\"\/>\n\n\n\n<h2 class=\"wp-block-heading\">Wir haben eine Message<\/h2>\n\n\n\n<p style=\"font-size:17px\">Ein freiheitliches System ist nicht selbstverst\u00e4ndlich. Viele Politiker treten (im Namen der Sicherheit) f\u00fcr Reformen der Polizeigesetze und damit einen \u00dcberwachungsstaat ein. Kommerzielle Dienstleister erschaffen auf technologischer Basis vielf\u00e4ltige M\u00f6glichkeiten der \u00dcberwachung. Zusammengenommen ergibt das eine gef\u00e4hrliche Mischung. Dem Journalismus kommt hierbei die wichtige Aufgabe zu, Fragen aufzuwerfen und Diskurse anzuregen. Wir wollen Teil des Diskurses sein.<\/p>\n\n\n\n<p style=\"font-size:18px\"><a href=\"https:\/\/suma-ev.de\/en\/medienresonanz\/\" data-type=\"URL\" data-id=\"https:\/\/suma-ev.de\/medienresonanz\/\">Media responses<\/a><a href=\"https:\/\/suma-ev.de\/en\/medienresonanz\/\" data-type=\"URL\" data-id=\"https:\/\/suma-ev.de\/medienresonanz\/\" target=\"_blank\" rel=\"noreferrer noopener\">https:\/\/suma-ev.de\/medienresonanz\/<\/a>: hier k\u00f6nnen Sie lesen, was \u00fcber den SUMA-Ev und MetaGer so geschrieben wird.<\/p>\n\n\n\n<p style=\"font-size:18px\"><a href=\"https:\/\/suma-ev.de\/en\/pressemitteilungen\/\" data-type=\"URL\" data-id=\"https:\/\/suma-ev.de\/pressemitteilungen\/\" target=\"_blank\" rel=\"noreferrer noopener\">Unsere Pressemitteilungen<\/a>: es gibt immer wieder Entwicklungen, die MetaGer betreffen. Hier erkl\u00e4ren wir unsere Sicht der Dinge und informieren \u00fcber SUMA-Neuigkeiten und MetaGer-Updates.<\/p>","protected":false},"excerpt":{"rendered":"<p>Die Pressefreiheit sei die Folge der Denkfreiheit, hat Heinrich Heine seinerzeit sehr treffend formuliert. Zudem ist sie keinesfalls selbstverst\u00e4ndlich, was man t\u00e4glich in den&#8230;<\/p>","protected":false},"author":2,"featured_media":0,"parent":0,"menu_order":0,"comment_status":"closed","ping_status":"closed","template":"","meta":{"footnotes":""},"class_list":["post-2335","page","type-page","status-publish","hentry"],"_links":{"self":[{"href":"https:\/\/suma-ev.de\/en\/wp-json\/wp\/v2\/pages\/2335","targetHints":{"allow":["GET"]}}],"collection":[{"href":"https:\/\/suma-ev.de\/en\/wp-json\/wp\/v2\/pages"}],"about":[{"href":"https:\/\/suma-ev.de\/en\/wp-json\/wp\/v2\/types\/page"}],"author":[{"embeddable":true,"href":"https:\/\/suma-ev.de\/en\/wp-json\/wp\/v2\/users\/2"}],"replies":[{"embeddable":true,"href":"https:\/\/suma-ev.de\/en\/wp-json\/wp\/v2\/comments?post=2335"}],"version-history":[{"count":15,"href":"https:\/\/suma-ev.de\/en\/wp-json\/wp\/v2\/pages\/2335\/revisions"}],"predecessor-version":[{"id":4385,"href":"https:\/\/suma-ev.de\/en\/wp-json\/wp\/v2\/pages\/2335\/revisions\/4385"}],"wp:attachment":[{"href":"https:\/\/suma-ev.de\/en\/wp-json\/wp\/v2\/media?parent=2335"}],"curies":[{"name":"wp","href":"https:\/\/api.w.org\/{rel}","templated":true}]}}