{"id":24,"date":"2019-03-28T12:29:01","date_gmt":"2019-03-28T11:29:01","guid":{"rendered":"https:\/\/beta.suma-ev.de\/?page_id=24"},"modified":"2024-07-17T12:40:20","modified_gmt":"2024-07-17T10:40:20","slug":"home","status":"publish","type":"page","link":"https:\/\/suma-ev.de\/en\/","title":{"rendered":"Home"},"content":{"rendered":"<figure class=\"stl-block-71dc617 wp-block-image\">\n\n  <img decoding=\"async\" src=\"https:\/\/suma-ev.de\/wp-content\/uploads\/2022\/03\/augen-rechts-e1646231381475.png\">\n\n<\/figure>\n\n\n\n<p class=\"has-drop-cap stl-block-7d3db97\" style=\"font-size:17px\">We are a non-profit association from Hanover, Germany, that advocates free access to knowledge on the Internet. For us, free access to knowledge means: Commercial and political interests must not have any influence on Internet content - especially on the results of search engines.  <\/p>\n\n\n\n<hr class=\"wp-block-separator has-css-opacity stl-block-7ee4427\"\/>\n\n\n\n<h2 class=\"wp-block-heading stl-block-7734477\">Privacy is our basis<\/h2>\n\n\n\n<p class=\"stl-block-7b6d747\" style=\"font-size:17px\">Information search should not take place in a filter bubble; all information should be available for every user at any time. For this reason, we develop and operate the search engine <a href=\"https:\/\/metager.org\">MetaGer<\/a>. The protection of privacy is a central concern for us. We do not store any (meta) data where it is not absolutely necessary for operation. We advocate an open society in which it is possible to move in the digital world without snooping.<\/p>\n\n\n\n<p class=\"stl-block-79ed927\" style=\"font-size:17px\">You can count on it: With <a title=\"To Metager home page\" href=\"https:\/\/metager.org\">MetaGer<\/a> an open, transparent Internet search is possible, and there is also a guarantee for this. Because our promise is backed by our <strong>freie Software<\/strong> f\u00fcr jeden nachpr\u00fcfbar. Wir verarbeiten schon immer nur die Daten, die zum Betrieb unserer Dienste unbedingt n\u00f6tig sind. Datenschutz ist bei uns von Haus aus der Standard. Profiling \u2013 also die automatische Erstellung von Nutzerprofilen \u2013 betreiben wir nicht. <\/p>\n\n\n\n<hr class=\"wp-block-separator has-css-opacity stl-block-7e88ee7\"\/>\n\n\n\n<figure class=\"wp-block-image size-large stl-block-7729637\"><img loading=\"lazy\" decoding=\"async\" width=\"1024\" height=\"372\" src=\"https:\/\/suma-ev.de\/wp-content\/uploads\/2019\/11\/ballons-1024x372.png\" alt=\"\" class=\"wp-image-3014\" srcset=\"https:\/\/suma-ev.de\/wp-content\/uploads\/2019\/11\/ballons-1024x372.png 1024w, https:\/\/suma-ev.de\/wp-content\/uploads\/2019\/11\/ballons-300x109.png 300w, https:\/\/suma-ev.de\/wp-content\/uploads\/2019\/11\/ballons-768x279.png 768w, https:\/\/suma-ev.de\/wp-content\/uploads\/2019\/11\/ballons-1536x558.png 1536w, https:\/\/suma-ev.de\/wp-content\/uploads\/2019\/11\/ballons.png 1920w\" sizes=\"auto, (max-width: 1024px) 100vw, 1024px\" \/><\/figure>\n\n\n\n<h2 class=\"wp-block-heading stl-block-7841be7\">\"Those who give up freedom to gain security will end up losing both\"<\/h2>\n\n\n\n<p class=\"stl-block-7c4fe27\" style=\"font-size:17px\">This insight from <strong><em>Benjamin Franklin<\/em><\/strong> is central for us. The monopoly position of such a crucial knowledge infrastructure as a search engine puts freedom and democracy at risk. Only diversity and pluralism in the search engine market can prevent individual interests - be they commercial or governmental - from controlling free access to the digitally networked world knowledge. <strong>As understandable as the desire for security may be, its realization poses significant risks that far outweigh the benefits of security systems.<\/strong><\/p>\n\n\n\n<p>Ist auch Ihnen der freie Wissenszugang ein Anliegen? Mit einer Vereinsmitgliedschaft in unserem gemeinn\u00fctzigen Verein k\u00f6nnen Sie die Forschung im Bereich der Suchmaschinentechnologie aktiv f\u00f6rdern. Es locken auch weitere attraktive und exklusive Vorteile.<\/p>\n\n\n\n<div class=\"wp-block-buttons is-content-justification-center is-layout-flex wp-container-core-buttons-is-layout-16018d1d wp-block-buttons-is-layout-flex\">\n<div class=\"wp-block-button\"><a class=\"wp-block-button__link wp-element-button\" href=\"https:\/\/metager.de\/membership\">Jetzt Mitglied werden<\/a><\/div>\n<\/div>","protected":false},"excerpt":{"rendered":"<p>Wir sind ein gemeinn\u00fctziger Verein aus Hannover, der sich f\u00fcr den freien Wissenszugang im Internet einsetzt. Freier Wissenszugang bedeutet f\u00fcr uns: Kommerzielle und politische&#8230;<\/p>","protected":false},"author":2,"featured_media":0,"parent":0,"menu_order":0,"comment_status":"closed","ping_status":"closed","template":"","meta":{"footnotes":""},"class_list":["post-24","page","type-page","status-publish","hentry"],"_links":{"self":[{"href":"https:\/\/suma-ev.de\/en\/wp-json\/wp\/v2\/pages\/24","targetHints":{"allow":["GET"]}}],"collection":[{"href":"https:\/\/suma-ev.de\/en\/wp-json\/wp\/v2\/pages"}],"about":[{"href":"https:\/\/suma-ev.de\/en\/wp-json\/wp\/v2\/types\/page"}],"author":[{"embeddable":true,"href":"https:\/\/suma-ev.de\/en\/wp-json\/wp\/v2\/users\/2"}],"replies":[{"embeddable":true,"href":"https:\/\/suma-ev.de\/en\/wp-json\/wp\/v2\/comments?post=24"}],"version-history":[{"count":259,"href":"https:\/\/suma-ev.de\/en\/wp-json\/wp\/v2\/pages\/24\/revisions"}],"predecessor-version":[{"id":4568,"href":"https:\/\/suma-ev.de\/en\/wp-json\/wp\/v2\/pages\/24\/revisions\/4568"}],"wp:attachment":[{"href":"https:\/\/suma-ev.de\/en\/wp-json\/wp\/v2\/media?parent=24"}],"curies":[{"name":"wp","href":"https:\/\/api.w.org\/{rel}","templated":true}]}}