{"id":2461,"date":"2019-08-20T11:56:38","date_gmt":"2019-08-20T09:56:38","guid":{"rendered":"https:\/\/beta.suma-ev.de\/?page_id=2461"},"modified":"2019-09-19T10:25:10","modified_gmt":"2019-09-19T08:25:10","slug":"google-auktionsverfahren","status":"publish","type":"page","link":"https:\/\/suma-ev.de\/en\/pressemitteilungen\/google-auktionsverfahren\/","title":{"rendered":"Google Auktionsverfahren"},"content":{"rendered":"<h2 class=\"wp-block-heading\">Stellungnahme des SUMA-EV zum Google-Auktionsverfahren<\/h2>\n\n\n\n<p>Google ist von der EU-Kommission zum wiederholten Mal ger\u00fcgt worden, seine Monopolstellung zu missbrauchen. Es wurde kritisiert, dass Android keine Auswahl alternativer Suchmaschinen zul\u00e4sst und Google damit zum Standard erhoben wird. Auf diese Schelte reagiert Google nun mit dem Vorschlag, in einem Auktionsverfahren drei Suchmaschinen zu ermitteln, die im zweiten Schritt mit Google kostenpflichtig in zuf\u00e4lliger Reihenfolge als Standardsuchmaschine ausgew\u00e4hlt werden k\u00f6nnen. <\/p>\n\n\n\n<h3 class=\"wp-block-heading\">Google teilt den Kuchen &#8211; und macht ein Gesch\u00e4ft <\/h3>\n\n\n\n<p>Damit macht Google aus der Not eine Tugend und aus einer Schelte ein Gesch\u00e4ftsmodell. Den Vorschlag Googles empfinden wir daher als Unversch\u00e4mtheit. Wir bem\u00e4ngeln, dass dem Monopolisten auf legale Weise Gelegenheit gegeben wird, seine Marktmacht durch die finanziellen Mehreinnahmen zu zementieren. F\u00fcr Google ist der Betrieb der Suchmaschine immer noch ein Milliardengesch\u00e4ft, dementsprechend gering ist die Bereitschaft, die Infrastruktur ohne Ausgleichszahlung zur Verf\u00fcgung zu stellen. Auf diese Unwilligkeit h\u00e4tte die EU-Kommission konsequenter reagieren m\u00fcssen. Die Marktmacht Googles wird durch die Anerkennung des Vorschlags jedenfalls nicht im Mindesten in Frage gestellt oder auch nur abgemildert. <\/p>\n\n\n\n<h3 class=\"wp-block-heading\">Und wir?<\/h3>\n\n\n\n<p>Insbesondere kleine Suchmaschinen wie MetaGer werden es sich nicht leisten k\u00f6nnen, entsprechend hoch zu bieten. Dazu kommt, dass der tats\u00e4chlich gezahlte Betrag von den generierten Nutzern abh\u00e4ngt; und niemand kann zur Zeit sagen, wie viele das sein werden. F\u00fcr Suchmaschinen, die nicht durch einen Nutzerzuwachs automatisch mehr Einnahmen generieren, \u2013 etwa solche, die durch Spenden finanziert werden \u2013 macht das angewandte Preismodell keinen Sinn. Das Risiko dieser unvorhersehbaren Kosten k\u00f6nnen wir als nichtkommerzieller Verein nicht auffangen. <br>\nAufgrund unserer finanziellen Ausstattung ist es daher unwahrscheinlich, zu den Gewinnersuchmaschinen zu geh\u00f6ren, sodass sich in der Liste letztlich die \u00fcblichen Verd\u00e4chtigen finden werden. Eine Erm\u00f6glichung echter Alternativen sieht anders aus. Gerade weil kleine, alternative Suchmaschinen von dem Verfahren nicht profitieren, sondern im Gegenteil marginalisiert werden, schlie\u00dfen wir uns der Forderung Ecosias und Qwants an, dieses unfaire Verfahren zu boykottieren. Wir hoffen, dass sich andere Suchmaschinen dem Boykott noch anschlie\u00dfen. <\/p>\n\n\n\n<h3 class=\"wp-block-heading\">Wir machen mit &#8211; beim Boykott!<\/h3>\n\n\n\n<p>Im \u00dcbrigen: dieser Boykott ist keine schlichte Verweigerung. K\u00e4me eine Auktion nicht zustande, w\u00fcrden die freien Pl\u00e4tze per Zufallsprinzip unter den angemeldeten Suchmaschinen ausgelost werden. Und genau das w\u00e4re das Prinzip, das aus unserer Sicht sinnvoll w\u00e4re und von der EU-Kommission von vornherein h\u00e4tte angestrebt werden m\u00fcssen.&nbsp;<\/p>\n\n\n\n<p>Dieser Artikel ist auch auf Password-Online erschienen: <a rel=\"noreferrer noopener\" href=\"https:\/\/www.password-online.de\/?wysija-page=1&amp;controller=email&amp;action=view&amp;email_id=769&amp;wysijap=subscriptions\" target=\"_blank\">Password-Online<\/a><\/p>","protected":false},"excerpt":{"rendered":"<p>Stellungnahme des SUMA-EV zum Google-Auktionsverfahren Google ist von der EU-Kommission zum wiederholten Mal ger\u00fcgt worden, seine Monopolstellung zu missbrauchen. Es wurde kritisiert, dass Android&#8230;<\/p>","protected":false},"author":2,"featured_media":0,"parent":265,"menu_order":0,"comment_status":"closed","ping_status":"closed","template":"","meta":{"footnotes":""},"class_list":["post-2461","page","type-page","status-publish","hentry"],"_links":{"self":[{"href":"https:\/\/suma-ev.de\/en\/wp-json\/wp\/v2\/pages\/2461","targetHints":{"allow":["GET"]}}],"collection":[{"href":"https:\/\/suma-ev.de\/en\/wp-json\/wp\/v2\/pages"}],"about":[{"href":"https:\/\/suma-ev.de\/en\/wp-json\/wp\/v2\/types\/page"}],"author":[{"embeddable":true,"href":"https:\/\/suma-ev.de\/en\/wp-json\/wp\/v2\/users\/2"}],"replies":[{"embeddable":true,"href":"https:\/\/suma-ev.de\/en\/wp-json\/wp\/v2\/comments?post=2461"}],"version-history":[{"count":6,"href":"https:\/\/suma-ev.de\/en\/wp-json\/wp\/v2\/pages\/2461\/revisions"}],"predecessor-version":[{"id":2678,"href":"https:\/\/suma-ev.de\/en\/wp-json\/wp\/v2\/pages\/2461\/revisions\/2678"}],"up":[{"embeddable":true,"href":"https:\/\/suma-ev.de\/en\/wp-json\/wp\/v2\/pages\/265"}],"wp:attachment":[{"href":"https:\/\/suma-ev.de\/en\/wp-json\/wp\/v2\/media?parent=2461"}],"curies":[{"name":"wp","href":"https:\/\/api.w.org\/{rel}","templated":true}]}}