{"id":256,"date":"2019-04-15T10:03:57","date_gmt":"2019-04-15T09:03:57","guid":{"rendered":"https:\/\/beta.suma-ev.de\/?page_id=256"},"modified":"2023-05-31T10:13:09","modified_gmt":"2023-05-31T08:13:09","slug":"alternative-sumas-im-suma-ev","status":"publish","type":"page","link":"https:\/\/suma-ev.de\/en\/alternative-sumas-im-suma-ev\/","title":{"rendered":"Alternative search engines in the SUMA-EV"},"content":{"rendered":"<figure class=\"wp-block-image size-large\"><img loading=\"lazy\" decoding=\"async\" width=\"1024\" height=\"367\" src=\"https:\/\/suma-ev.de\/wp-content\/uploads\/2019\/06\/swarm-1656503_1920-schmal-1024x367.jpg\" alt=\"\" class=\"wp-image-1150\" srcset=\"https:\/\/suma-ev.de\/wp-content\/uploads\/2019\/06\/swarm-1656503_1920-schmal-1024x367.jpg 1024w, https:\/\/suma-ev.de\/wp-content\/uploads\/2019\/06\/swarm-1656503_1920-schmal-300x108.jpg 300w, https:\/\/suma-ev.de\/wp-content\/uploads\/2019\/06\/swarm-1656503_1920-schmal-768x275.jpg 768w, https:\/\/suma-ev.de\/wp-content\/uploads\/2019\/06\/swarm-1656503_1920-schmal.jpg 1920w\" sizes=\"auto, (max-width: 1024px) 100vw, 1024px\" \/><\/figure>\n\n\n\n<p class=\"has-drop-cap\" style=\"font-size:17px\"><strong>Wir sind viele<\/strong>: so kann man das durchaus sagen. Denn die Metasuchmaschine <strong>MetaGer<\/strong> sucht parallel mehrere Suchmaschinen ab und fasst die Ergebnisse entsprechend zusammen. Urspr\u00fcnglich aus der blo\u00dfen Notwendigkeit geboren, die Durchsuchung des Internets mittels mehrerer Suchmaschinen zu automatisieren (statt die Suche nacheinander von Hand durchzuf\u00fchren), ist unsere Metasuche heutzutage eine M\u00f6glichkeit, einerseits datensch\u00fctzend, andererseits durch die Integration speziell ausgerichteter Suchmaschinen auch sehr zielgerichtet zu suchen. <strong>Wir sind so betrachtet ein Dachverband f\u00fcr alternative Suchmaschinen.<\/strong><\/p>\n\n\n\n<hr class=\"wp-block-separator has-css-opacity\"\/>\n\n\n\n<h2 class=\"wp-block-heading\">Warum macht es immer noch Sinn, mit einer Metasuchmaschine zu suchen? <\/h2>\n\n\n\n<p style=\"font-size:17px\">Zugegeben: Um das Internet effektiv nach vielf\u00e4ltigen Informationen abzusuchen, braucht man keine Metasuchmaschinen mehr. Inzwischen decken die gro\u00dfen Suchmaschinen mit ihren gro\u00dfen Indizes nahezu das gesamte Internet ab. Dennoch gibt es immer noch gute Gr\u00fcnde f\u00fcr die Nutzung einer Metasuchmaschine. <\/p>\n\n\n\n<ul class=\"wp-block-list\">\n<li>Prinzip Vielfalt: wir sind gegen eine Monopolstellung im Suchmaschinenbereich. Nur Vielfalt garantiert Informationsfreiheit. <\/li>\n\n\n\n<li>Gr\u00f6\u00dfere Ergebnisvielfalt, da wir auch Suchmaschinen mit eigenem (kleinen) Index abfragen. Diesen Vorteil gibt es nur bei uns.<\/li>\n\n\n\n<li>Eng verkn\u00fcpft mit der Informationsfreiheit ist die Informationsneutralit\u00e4t: mit der Abfrage nur einer Suchmaschine liefert man sich den Ranking-Algorithmen und Interessen dieses einen Suchmaschinenbetreibers aus. Dies vermeidet man durch die Nutzung mehrerer Suchmaschinen bzw. einer Metasuchmaschine.<\/li>\n\n\n\n<li>Und nicht zuletzt: Der Betrieb einer Metasuchmaschine unterst\u00fctzt die Entwicklung vieler, auch kleiner Suchmaschinen. Diese wiederum k\u00f6nnen St\u00e4tten sein, wo Innovationen stattfinden. Jenseits von Google&#8230;<\/li>\n<\/ul>\n\n\n\n<hr class=\"wp-block-separator has-css-opacity\"\/>\n\n\n\n<figure class=\"wp-block-image size-large\"><img loading=\"lazy\" decoding=\"async\" width=\"1024\" height=\"372\" src=\"https:\/\/suma-ev.de\/wp-content\/uploads\/2019\/06\/zahnraeder-1024x372.png\" alt=\"\" class=\"wp-image-1316\" srcset=\"https:\/\/suma-ev.de\/wp-content\/uploads\/2019\/06\/zahnraeder-1024x372.png 1024w, https:\/\/suma-ev.de\/wp-content\/uploads\/2019\/06\/zahnraeder-300x109.png 300w, https:\/\/suma-ev.de\/wp-content\/uploads\/2019\/06\/zahnraeder-768x279.png 768w, https:\/\/suma-ev.de\/wp-content\/uploads\/2019\/06\/zahnraeder.png 1920w\" sizes=\"auto, (max-width: 1024px) 100vw, 1024px\" \/><\/figure>\n\n\n\n<h2 class=\"wp-block-heading\">SUMA-EV: ein Dachverband f\u00fcr Suchmaschinen<\/h2>\n\n\n\n<h3 class=\"wp-block-heading\">Verwendete Suchmaschinen<\/h3>\n\n\n\n<p style=\"font-size:17px\">Scopia, Yahoo, Bing, Wikis, YaCy, Netluchs, Exalead, Yandex, Die ZEIT, OneNewspage, OneNewspage (Video), OneNewspage Deutschland, OneNewspage Deutschland (Video) und seit neuestem Infotiger. Aktuell sind wir im Gespr\u00e4ch mit mehreren kleinen Suchmaschinen, um k\u00fcnftig wieder eine gr\u00f6\u00dfere Vielfalt bieten zu k\u00f6nnen. Wer mehr Informationen zu den einzelnen Suchmaschinen m\u00f6chte, kann sich <a rel=\"noreferrer noopener\" href=\"https:\/\/metager.de\/search-engine\" target=\"_blank\">hier<\/a> auf unserer MetaGer-Seite informieren. <\/p>\n\n\n\n<h3 class=\"wp-block-heading\">Einbindung neuer Suchmaschinen<\/h3>\n\n\n\n<p style=\"font-size:17px\">Durch das Angebot einer werbefreien Bezahlsuche (mehr Informationen erhalten Sie <a href=\"https:\/\/metager.de\/keys\/cost\">hier<\/a>) ist es uns m\u00f6glich, auch Suchmaschinen einzubinden, f\u00fcr deren Suchergebnisse wir bezahlen m\u00fcssen, so die Suchmaschine Mojeek. Dies bedeutet eine weitere Unterst\u00fctzung der &#8222;Suchmaschinenlandschaft&#8220; sowie der Indizes, die von diesen Suchmaschinen aufgebaut werden. Zudem ist es dadurch m\u00f6glich, innerhalb des MetaGer-Kosmos unterschiedliche Suchmaschinen mit unterschiedlichem Kostenprofil zu benutzen. Bing, als teuerste abgefragte Suchmaschine, ist damit nicht mehr alternativlos. Wir halten stets die Augen offen auf der Suche nach neuen Suchmaschinen, die wir unterst\u00fctzen und einbinden k\u00f6nnen. <\/p>\n\n\n\n<h3 class=\"wp-block-heading\">Die Betreiber oder Entwickler der folgenden Suchmaschinen sind SUMA-EV Mitglieder:\n<br><\/h3>\n\n\n\n<ul class=\"wp-block-list\">\n<li> <a rel=\"noreferrer noopener\" href=\"http:\/\/www.deutscheseiten.de\" target=\"_blank\">deutscheseiten.de<\/a> &#8211; Suchmaschine f\u00fcr St\u00e4dte und Regionen <\/li>\n\n\n\n<li> <a rel=\"noreferrer noopener\" href=\"http:\/\/www.ecoshopper.de\" target=\"_blank\">ecoshopper.de<\/a> &#8211; Suchmaschine f\u00fcr \u00d6koprodukte <\/li>\n\n\n\n<li> <a rel=\"noreferrer noopener\" href=\"http:\/\/www.fastbot.de\" target=\"_blank\">fastbot.de<\/a> &#8211; schnelle Allzwecksuche <\/li>\n\n\n\n<li><a rel=\"noreferrer noopener\" href=\"https:\/\/www.immobilien-helfer.de\/\" target=\"_blank\"> immobilienhelfer.de<\/a> &#8211; Suchmaschine f\u00fcr Immobilien<\/li>\n\n\n\n<li> <a rel=\"noreferrer noopener\" href=\"http:\/\/www.immobilo.de\" target=\"_blank\">immobilo.de<\/a> &#8211; Wohnungs- und Immobiliensuche <\/li>\n\n\n\n<li> <a href=\"http:\/\/jaddja.eu\" target=\"_blank\" rel=\"noreferrer noopener\">jaddja.eu<\/a> &#8211; Suchmaschine mit Ranking nach Website-Relevanz<\/li>\n\n\n\n<li> <a rel=\"noreferrer noopener\" href=\"http:\/\/www.multisuchsystem.de\/\" target=\"_blank\">www.multisuchsystem.de\/<\/a> &#8211; Suchsystem &amp; Literaturverwaltung f\u00fcr elektronische Zeitschriften <\/li>\n\n\n\n<li> <a rel=\"noreferrer noopener\" href=\"http:\/\/www.netluchs.de\" target=\"_blank\">netluchs.de<\/a> &#8211; Allzwecksuche <\/li>\n\n\n\n<li> <a rel=\"noreferrer noopener\" href=\"http:\/\/www.opportuno.de\" target=\"_blank\">opportuno.de<\/a> &#8211; Jobsuche <\/li>\n\n\n\n<li> <a rel=\"noreferrer noopener\" href=\"http:\/\/www.semager.de\" target=\"_blank\">semager.de<\/a>  &#8211; semantische Suche <\/li>\n\n\n\n<li> <a rel=\"noreferrer noopener\" href=\"http:\/\/www.sempria.de\/hop\/sempria\/produkte\" target=\"_blank\">www.sempria.de\/hop\/sempria\/produkte<\/a> &#8211; SEMPRIA: bedeutungsorientierte Suchmaschine <\/li>\n\n\n\n<li> <a rel=\"noreferrer noopener\" href=\"http:\/\/yacy.net\" target=\"_blank\"> yacy.net<\/a>  &#8211; P2P-Suchnetzwerk <\/li>\n\n\n\n<li> <a rel=\"noreferrer noopener\" href=\"http:\/\/zvg24.net\" target=\"_blank\">zvg24.net<\/a> &#8211; Suchmaschine f\u00fcr Zwangsversteigerungen <\/li>\n<\/ul>","protected":false},"excerpt":{"rendered":"<p>Wir sind viele: so kann man das durchaus sagen. Denn die Metasuchmaschine MetaGer sucht parallel mehrere Suchmaschinen ab und fasst die Ergebnisse entsprechend zusammen&#8230;.<\/p>","protected":false},"author":4,"featured_media":0,"parent":0,"menu_order":0,"comment_status":"closed","ping_status":"closed","template":"","meta":{"footnotes":""},"class_list":["post-256","page","type-page","status-publish","hentry"],"_links":{"self":[{"href":"https:\/\/suma-ev.de\/en\/wp-json\/wp\/v2\/pages\/256","targetHints":{"allow":["GET"]}}],"collection":[{"href":"https:\/\/suma-ev.de\/en\/wp-json\/wp\/v2\/pages"}],"about":[{"href":"https:\/\/suma-ev.de\/en\/wp-json\/wp\/v2\/types\/page"}],"author":[{"embeddable":true,"href":"https:\/\/suma-ev.de\/en\/wp-json\/wp\/v2\/users\/4"}],"replies":[{"embeddable":true,"href":"https:\/\/suma-ev.de\/en\/wp-json\/wp\/v2\/comments?post=256"}],"version-history":[{"count":51,"href":"https:\/\/suma-ev.de\/en\/wp-json\/wp\/v2\/pages\/256\/revisions"}],"predecessor-version":[{"id":4432,"href":"https:\/\/suma-ev.de\/en\/wp-json\/wp\/v2\/pages\/256\/revisions\/4432"}],"wp:attachment":[{"href":"https:\/\/suma-ev.de\/en\/wp-json\/wp\/v2\/media?parent=256"}],"curies":[{"name":"wp","href":"https:\/\/api.w.org\/{rel}","templated":true}]}}