{"id":3005,"date":"2019-11-21T16:20:34","date_gmt":"2019-11-21T15:20:34","guid":{"rendered":"https:\/\/suma-ev.de\/?page_id=3005"},"modified":"2020-01-23T12:10:53","modified_gmt":"2020-01-23T11:10:53","slug":"leitlinien","status":"publish","type":"page","link":"https:\/\/suma-ev.de\/en\/leitlinien\/","title":{"rendered":"Leitlinien"},"content":{"rendered":"<figure class=\"wp-block-image size-large\"><img loading=\"lazy\" decoding=\"async\" width=\"1024\" height=\"372\" src=\"https:\/\/suma-ev.de\/wp-content\/uploads\/2019\/09\/web-path-1024x372.png\" alt=\"\" class=\"wp-image-2526\" srcset=\"https:\/\/suma-ev.de\/wp-content\/uploads\/2019\/09\/web-path-1024x372.png 1024w, https:\/\/suma-ev.de\/wp-content\/uploads\/2019\/09\/web-path-300x109.png 300w, https:\/\/suma-ev.de\/wp-content\/uploads\/2019\/09\/web-path-768x279.png 768w, https:\/\/suma-ev.de\/wp-content\/uploads\/2019\/09\/web-path.png 1920w\" sizes=\"auto, (max-width: 1024px) 100vw, 1024px\" \/><\/figure>\n\n\n\n<p style=\"font-size:17px\" class=\"has-drop-cap\">Hier k\u00f6nnen Sie erfahren, nach welchen Leitlinien der SUMA-EV arbeitet.<\/p>\n\n\n\n<h3 class=\"wp-block-heading\">Auffindbarkeit und Erreichbarkeit von Wissen<\/h3>\n\n\n\n<p>Wissen\n hat nur dann einen Wert, wenn es auffindbar und erreichbar ist. Dieses \nWissen muss f\u00fcr jeden Menschen mit einfachen Mitteln erreichbar sein. \nSuchmaschinen m\u00fcssen so konzipiert und programmiert sein, dass jegliches\n Wissen, sei es auch noch so verborgen, grunds\u00e4tzlich auffindbar ist.<\/p>\n\n\n\n<h3 class=\"wp-block-heading\">Zugriff auf Wissen unter Wahrung der informationellen Selbstbestimmung <\/h3>\n\n\n\n<p>Der  Zugriff auf Wissen muss so konzipiert sein, dass die informationelle  Selbstbestimmung des Nutzers gewahrt bleibt. Zur informationellen  Selbstbestimmung geh\u00f6rt, dass aus den Nutzerzugriffen ohne ausdr\u00fcckliche  Zustimmung des Nutzers kein Nutzerprofil angelegt und seine Daten in transparenter Weise verwendet werden.  <\/p>\n\n\n\n<h3 class=\"wp-block-heading\">Transparenz der Such-Algorithmen<\/h3>\n\n\n\n<p style=\"font-size:17px\">Die Darstellung der Ergebnisse einer Internetrecherche ist mit einer Bewertung durch die Reihenfolge verbunden: Die ersten Ergebnisse werden als die wichtigsten empfunden. Die Bewertungsma\u00dfst\u00e4be spiegeln dabei immer die speziellen Einsch\u00e4tzungen, Wertigkeiten und Interessenlagen der Wissensdistributoren (Suchmaschinen und andere Internetdienste) wider. Transparenz im Bereich des Wissenszugangs bedeutet somit insbesondere f\u00fcr Quasi-Monopole: die zugrundeliegenden Algorithmen m\u00fcssen so transparent wie m\u00f6glich sein.<\/p>\n\n\n\n<h3 class=\"wp-block-heading\">Pluralismus des Wissenszugangs<\/h3>\n\n\n\n<p style=\"font-size:17px\">Es gibt keinen Markt, auf dem unterschiedliche Suchmaschinen auf Augenh\u00f6he miteinander konkurrieren. Vor allem aber k\u00f6nnen Suchmaschinen nur auf wenige Indizes zugreifen, was einen echten Wettbewerb verhindert. Die Monopolisierung des Suchmaschinenmarktes hat die Nachteile aller Monopole: Monopole legen die Spielregeln fest, oft fehlt es an Innovationsanreizen. Vor allem aber ist die Macht \u00fcber die Art und Weise des Wissenszugangs ein Problem. Daher m\u00fcssen auf politischem Wege Alternativen zu den monopolistischen Diensten gef\u00f6rdert werden. &nbsp;<\/p>\n\n\n\n<h3 class=\"wp-block-heading\">F\u00f6rderung der Informationskompetenz<\/h3>\n\n\n\n<p style=\"font-size:17px\">Suchergebnisseiten enthalten Webseiten unterschiedlicher Qualit\u00e4t und Seriosit\u00e4t. Das ist legitim. Strukturen jedoch, die die Differenz zwischen seri\u00f6ser Information und z.B. Werbung verschleiern, sind im Sinne des freien Wissenszugangs problematisch und auch in Zukunft h\u00f6chstwahrscheinlich nicht auszuschlie\u00dfen. Deshalb m\u00fcssen Anstrengungen zur F\u00f6rderung der Informationskompetenz im Sinne einer entsprechenden Urteilsf\u00e4higkeit der Nutzer gef\u00f6rdert und verst\u00e4rkt werden. Hierbei kommt den Bildungs- und Ausbildungseinrichtungen eine ebenso wichtige Funktion zu wie dem kritischen Journalismus.\u00a0<\/p>","protected":false},"excerpt":{"rendered":"<p>Hier k\u00f6nnen Sie erfahren, nach welchen Leitlinien der SUMA-EV arbeitet. Auffindbarkeit und Erreichbarkeit von Wissen Wissen hat nur dann einen Wert, wenn es auffindbar&#8230;<\/p>","protected":false},"author":2,"featured_media":0,"parent":0,"menu_order":0,"comment_status":"closed","ping_status":"closed","template":"","meta":{"footnotes":""},"class_list":["post-3005","page","type-page","status-publish","hentry"],"_links":{"self":[{"href":"https:\/\/suma-ev.de\/en\/wp-json\/wp\/v2\/pages\/3005","targetHints":{"allow":["GET"]}}],"collection":[{"href":"https:\/\/suma-ev.de\/en\/wp-json\/wp\/v2\/pages"}],"about":[{"href":"https:\/\/suma-ev.de\/en\/wp-json\/wp\/v2\/types\/page"}],"author":[{"embeddable":true,"href":"https:\/\/suma-ev.de\/en\/wp-json\/wp\/v2\/users\/2"}],"replies":[{"embeddable":true,"href":"https:\/\/suma-ev.de\/en\/wp-json\/wp\/v2\/comments?post=3005"}],"version-history":[{"count":10,"href":"https:\/\/suma-ev.de\/en\/wp-json\/wp\/v2\/pages\/3005\/revisions"}],"predecessor-version":[{"id":3138,"href":"https:\/\/suma-ev.de\/en\/wp-json\/wp\/v2\/pages\/3005\/revisions\/3138"}],"wp:attachment":[{"href":"https:\/\/suma-ev.de\/en\/wp-json\/wp\/v2\/media?parent=3005"}],"curies":[{"name":"wp","href":"https:\/\/api.w.org\/{rel}","templated":true}]}}