{"id":3330,"date":"2020-04-08T10:59:59","date_gmt":"2020-04-08T08:59:59","guid":{"rendered":"https:\/\/suma-ev.de\/?page_id=3330"},"modified":"2020-04-08T11:19:46","modified_gmt":"2020-04-08T09:19:46","slug":"stellungnahme-des-suma-ev-zum-google-auktionsverfahren","status":"publish","type":"page","link":"https:\/\/suma-ev.de\/en\/pressemitteilungen\/stellungnahme-des-suma-ev-zum-google-auktionsverfahren\/","title":{"rendered":"Stellungnahme des SUMA-EV zum Google-Auktionsverfahren"},"content":{"rendered":"<h2 class=\"wp-block-heading\"><strong>Stellungnahme\ndes SUMA-EV zum Google-Auktionsverfahren<\/strong><\/h2>\n\n\n\n<p>Google ist von der EU-Kommission zum wiederholten Mal ger\u00fcgt worden, seine Monopolstellung zu missbrauchen. Es wurde kritisiert, dass <strong>Android <\/strong>keine Auswahl alternativer Suchmaschinen zul\u00e4sst und Google damit zum Standard erhoben wird. Auf diese Schelte reagiert Google nun mit dem Vorschlag, in einem Auktionsverfahren drei Suchmaschinen zu ermitteln, die im zweiten Schritt mit Google kostenpflichtig in zuf\u00e4lliger Reihenfolge als Standardsuchmaschine ausgew\u00e4hlt werden k\u00f6nnen.  <\/p>\n\n\n\n<p>Damit\nmacht Google aus der Not eine Tugend und aus einer Schelte ein\nGesch\u00e4ftsmodell. Den Vorschlag Googles empfinden wir daher als\nUnversch\u00e4mtheit. Wir bem\u00e4ngeln, dass dem Monopolisten auf legale\nWeise Gelegenheit gegeben wird, seine Marktmacht durch die\nfinanziellen Mehreinnahmen zu zementieren. F\u00fcr Google ist der\nBetrieb der Suchmaschine immer noch ein Milliardengesch\u00e4ft,\ndementsprechend gering ist die Bereitschaft, die Infrastruktur ohne\nAusgleichszahlung zur Verf\u00fcgung zu stellen. Auf diese Unwilligkeit\nh\u00e4tte die EU-Kommission konsequenter reagieren m\u00fcssen. Die\nMarktmacht Googles wird durch die Anerkennung des Vorschlags\njedenfalls nicht im Mindesten in Frage gestellt oder auch nur\nabgemildert. \n<\/p>\n\n\n\n<p>Insbesondere\nkleine Suchmaschinen wie MetaGer werden es sich nicht leisten k\u00f6nnen,\nentsprechend hoch zu bieten. Dazu kommt, dass der tats\u00e4chlich\ngezahlte Betrag von den generierten Nutzern abh\u00e4ngt; und niemand\nkann zur Zeit sagen, wie viele das sein werden. F\u00fcr Suchmaschinen,\ndie nicht durch einen Nutzerzuwachs automatisch mehr Einnahmen\ngenerieren, \u2013 etwa solche, die durch\nSpenden finanziert\nwerden \u2013 macht das angewandte Preismodell keinen Sinn. Das Risiko\ndieser unvorhersehbaren\nKosten k\u00f6nnen wir als nichtkommerzieller Verein nicht auffangen. \n<\/p>\n\n\n\n<p>\nAufgrund\nunserer finanziellen Ausstattung ist es daher unwahrscheinlich, zu\nden Gewinnersuchmaschinen zu geh\u00f6ren, sodass sich in der Liste\nletztlich die \u00fcblichen Verd\u00e4chtigen finden werden. Eine\nErm\u00f6glichung echter Alternativen sieht anders aus. Gerade weil\nkleine, alternative Suchmaschinen von dem Verfahren nicht\nprofitieren, sondern im Gegenteil marginalisiert werden, schlie\u00dfen\nwir uns der Forderung Ecosias und Qwants an, dieses unfaire Verfahren\nzu boykottieren. Wir hoffen, dass sich andere Suchmaschinen dem\nBoykott noch anschlie\u00dfen. \n<\/p>\n\n\n\n<p>Denn\ndieser Boykott ist keine schlichte Verweigerung. K\u00e4me eine Auktion\nnicht zustande, w\u00fcrden die freien Pl\u00e4tze per Zufallsprinzip unter\nden angemeldeten Suchmaschinen ausgelost werden. Und genau das w\u00e4re\ndas Prinzip, das aus unserer Sicht sinnvoll w\u00e4re und von der\nEU-Kommission von vornherein h\u00e4tte angestrebt werden m\u00fcssen.&nbsp;<\/p>","protected":false},"excerpt":{"rendered":"<p>Stellungnahme des SUMA-EV zum Google-Auktionsverfahren Google ist von der EU-Kommission zum wiederholten Mal ger\u00fcgt worden, seine Monopolstellung zu missbrauchen. Es wurde kritisiert, dass Android&#8230;<\/p>","protected":false},"author":2,"featured_media":0,"parent":265,"menu_order":0,"comment_status":"closed","ping_status":"closed","template":"","meta":{"footnotes":""},"class_list":["post-3330","page","type-page","status-publish","hentry"],"_links":{"self":[{"href":"https:\/\/suma-ev.de\/en\/wp-json\/wp\/v2\/pages\/3330","targetHints":{"allow":["GET"]}}],"collection":[{"href":"https:\/\/suma-ev.de\/en\/wp-json\/wp\/v2\/pages"}],"about":[{"href":"https:\/\/suma-ev.de\/en\/wp-json\/wp\/v2\/types\/page"}],"author":[{"embeddable":true,"href":"https:\/\/suma-ev.de\/en\/wp-json\/wp\/v2\/users\/2"}],"replies":[{"embeddable":true,"href":"https:\/\/suma-ev.de\/en\/wp-json\/wp\/v2\/comments?post=3330"}],"version-history":[{"count":3,"href":"https:\/\/suma-ev.de\/en\/wp-json\/wp\/v2\/pages\/3330\/revisions"}],"predecessor-version":[{"id":3334,"href":"https:\/\/suma-ev.de\/en\/wp-json\/wp\/v2\/pages\/3330\/revisions\/3334"}],"up":[{"embeddable":true,"href":"https:\/\/suma-ev.de\/en\/wp-json\/wp\/v2\/pages\/265"}],"wp:attachment":[{"href":"https:\/\/suma-ev.de\/en\/wp-json\/wp\/v2\/media?parent=3330"}],"curies":[{"name":"wp","href":"https:\/\/api.w.org\/{rel}","templated":true}]}}