{"id":341,"date":"2019-05-16T09:43:47","date_gmt":"2019-05-16T08:43:47","guid":{"rendered":"https:\/\/beta.suma-ev.de\/?page_id=341"},"modified":"2022-10-10T10:20:04","modified_gmt":"2022-10-10T08:20:04","slug":"sonstiges","status":"publish","type":"page","link":"https:\/\/suma-ev.de\/en\/aktivitaeten\/sonstiges\/","title":{"rendered":"More Activities"},"content":{"rendered":"<figure class=\"wp-block-image\"><img loading=\"lazy\" decoding=\"async\" width=\"1024\" height=\"341\" src=\"https:\/\/suma-ev.de\/wp-content\/uploads\/2019\/06\/exclamation-point-2620923_1920-1024x341.jpg\" alt=\"\" class=\"wp-image-1454\" srcset=\"https:\/\/suma-ev.de\/wp-content\/uploads\/2019\/06\/exclamation-point-2620923_1920-1024x341.jpg 1024w, https:\/\/suma-ev.de\/wp-content\/uploads\/2019\/06\/exclamation-point-2620923_1920-300x100.jpg 300w, https:\/\/suma-ev.de\/wp-content\/uploads\/2019\/06\/exclamation-point-2620923_1920-768x256.jpg 768w, https:\/\/suma-ev.de\/wp-content\/uploads\/2019\/06\/exclamation-point-2620923_1920.jpg 1920w\" sizes=\"auto, (max-width: 1024px) 100vw, 1024px\" \/><\/figure>\n\n\n\n<p class=\"has-drop-cap\" style=\"font-size:17px\">Als Tr\u00e4gerverein von <a href=\"https:\/\/metager.org\"><strong>MetaGer<\/strong><\/a> beteiligen wir uns auch an Diskussionen, Demonstrationen und Projekten, die Dinge im Sinne des freien Wissenszugangs vorantreiben. <\/p>\n\n\n\n<hr class=\"wp-block-separator has-css-opacity\"\/>\n\n\n\n<h2 class=\"wp-block-heading\">\u00dcber dem Tellerrand&#8230; <\/h2>\n\n\n\n<h3 class=\"wp-block-heading\">Unser Engagement auf &#8222;Privacy is not an crime&#8220;<\/h3>\n\n\n\n<p>Privates muss privat bleiben. Wir betrachten es kritisch, dass der EU-Ministerrat nach dem islamistischen Anschlag in Wien eine Schw\u00e4chung der Verschl\u00fcsselung von Kommunikation durchzusetzen will. Wenn Beh\u00f6rden Generalschl\u00fcssel erhalten, ist die Sicherheit der Verschl\u00fcsselung generell nicht mehr gew\u00e4hrleistet. Das Team des SUMA-EV hat deshalb auf &#8222;Privacy is not a crime&#8220; einen kleinen Videobeitrag ver\u00f6ffentlicht. https:\/\/privacyisnotacrime.eu\/de#start<\/p>\n\n\n\n<h3 class=\"wp-block-heading\">Workshop Algorithmen &amp; nachhaltiger Konsum am 14.1.2020 im <strong>Bundesministerium f\u00fcr Umwelt, Naturschutz und nukleare Sicherheit<\/strong><\/h3>\n\n\n\n<p style=\"font-size:17px\">Die Chancen und Risiken des Internets in Bezug auf den nachhaltigen Konsum liegen eng beieinander. Einerseits ist die Nutzung des Internets beispielsweise f\u00fcr Suchanfragen energieaufwendig und mit dem Verbrauch weiterer nat\u00fcrlicher Ressourcen verbunden. Zum anderen bietet sich hier eine Chance, nachhaltigen Konsum zu erleichtern, indem zum Beispiel durch Vidokonferenzen die Notwendigkeit von Reisen reduziert werden kann.<\/p>\n\n\n\n<p style=\"font-size:17px\">Der Workshop, an dem SUMA-EV-Mitarbeiter Phil H\u00f6fer teilnahm, befasste sich mit dieser Problematik aus Sicht von Initiativen, Start-Ups und Suchmaschinenbetreiber. Wie k\u00f6nnen Algorithmen in den Dienst der Nachhaltigkeit gestellt werden? Mit welchen innovativen Ideen und Konzepten k\u00f6nnen Algorithmen genutzt werden, um nachhaltigen Konsum zu f\u00f6rdern?<\/p>\n\n\n\n<p style=\"font-size:17px\">Aber auch: wie k\u00f6nnte die Internetsuche als solche nachhaltiger und ressourcenschonender werden? <\/p>\n\n\n\n<figure class=\"wp-block-image size-large\"><img loading=\"lazy\" decoding=\"async\" width=\"1024\" height=\"574\" src=\"https:\/\/suma-ev.de\/wp-content\/uploads\/2020\/03\/workshop-746539_1920-1024x574.jpg\" alt=\"\" class=\"wp-image-3314\" srcset=\"https:\/\/suma-ev.de\/wp-content\/uploads\/2020\/03\/workshop-746539_1920-1024x574.jpg 1024w, https:\/\/suma-ev.de\/wp-content\/uploads\/2020\/03\/workshop-746539_1920-300x168.jpg 300w, https:\/\/suma-ev.de\/wp-content\/uploads\/2020\/03\/workshop-746539_1920-768x431.jpg 768w, https:\/\/suma-ev.de\/wp-content\/uploads\/2020\/03\/workshop-746539_1920-1536x862.jpg 1536w, https:\/\/suma-ev.de\/wp-content\/uploads\/2020\/03\/workshop-746539_1920.jpg 1920w\" sizes=\"auto, (max-width: 1024px) 100vw, 1024px\" \/><\/figure>\n\n\n\n<h3 class=\"wp-block-heading\">Unser Auftritt im Presseclub Hannover am 7. Mai 2019<\/h3>\n\n\n\n<p style=\"font-size:17px\">Wir waren eingeladen, um \u00fcber das Thema \u201ealternative Suchmaschinen\u201c zu referieren. Aufh\u00e4nger war die Frage, ob sich bei einer Google-Suche die Ergebnisseite abh\u00e4ngig von der suchenden Person voneinander unterscheidet, und wenn ja, welche Auswirkung diese Personalisierung auf die Qualit\u00e4t und das Sucherlebnis des Nutzers haben kann. Google-KI-Realisierungen wie RankBrain haben Auswirkungen auf Individuum, Politik und Gesellschaft. Da stellte sich dann die Frage, mit welchen alternativen Suchmaschinen man solche problematische Google-Innovationen umgehen kann.<\/p>\n\n\n\n<hr class=\"wp-block-separator has-css-opacity\"\/>\n\n\n\n<h3 class=\"wp-block-heading\">Engagement gegen EU-Urheberrechtsreform<\/h3>\n\n\n\n<h4 class=\"wp-block-heading\">Demonstration Hannover am 23.3.2019<\/h4>\n\n\n\n<p style=\"font-size:17px\">Die Urheberrechtsreform wurde nicht nur von vielen Experten, sondern auch von uns Praktikern als unausgegoren bem\u00e4ngelt. Insbesondere Artikel 11 war uns ein Dorn im Auge, hat er doch direkte Auswirkungen auf den Betrieb der Suchmaschine. Denn wenn sogenannte Snippets urheberrechtlich relevant werden und schon kleinste Schnipsel auf der Ergebnisseite abgesichert werden m\u00fcssen, bedeutet das in der Praxis eine enorme Einschr\u00e4nkung der Informationsfreiheit.  Aus diesem Grund waren wir an der Demonstration beteiligt. <\/p>\n\n\n\n<figure class=\"wp-block-image\"><img loading=\"lazy\" decoding=\"async\" width=\"1024\" height=\"576\" src=\"https:\/\/suma-ev.de\/wp-content\/uploads\/2019\/09\/SYI_Rede-1024x576.png\" alt=\"Phil auf Demo\" class=\"wp-image-2754\" srcset=\"https:\/\/suma-ev.de\/wp-content\/uploads\/2019\/09\/SYI_Rede-1024x576.png 1024w, https:\/\/suma-ev.de\/wp-content\/uploads\/2019\/09\/SYI_Rede-300x169.png 300w, https:\/\/suma-ev.de\/wp-content\/uploads\/2019\/09\/SYI_Rede-768x432.png 768w, https:\/\/suma-ev.de\/wp-content\/uploads\/2019\/09\/SYI_Rede.png 1280w\" sizes=\"auto, (max-width: 1024px) 100vw, 1024px\" \/><\/figure>\n\n\n\n<h2 class=\"wp-block-heading\">Freie Betriebssysteme<\/h2>\n\n\n\n<p style=\"font-size:17px\">Der SUMA-EV ist \u00fcberzeugt, dass digitaler freier Wissenszugang letztendlich nur m\u00f6glich ist, wenn auch die Computer der Nutzer frei sind. Deswegen gab es im Rahmen sogenannter \u201eInstall-Parties\u201c die M\u00f6glichkeit,  mitgebrachte Computer unter Anleitung von Fachleuten auf ein freieres Betriebssystem umzustellen.<\/p>\n\n\n\n<hr class=\"wp-block-separator has-css-opacity\"\/>\n\n\n\n<h2 class=\"wp-block-heading\">Unsere \u00e4lteren Aktivit\u00e4ten <\/h2>\n\n\n\n<p style=\"font-size:17px\">Hier kommen Sie zu unseren <strong><a href=\"https:\/\/suma-ev.de\/index.php\/archiv\/\">\u00e4lteren Aktivit\u00e4ten<\/a><\/strong>.<\/p>","protected":false},"excerpt":{"rendered":"<p>Als Tr\u00e4gerverein von MetaGer beteiligen wir uns auch an Diskussionen, Demonstrationen und Projekten, die Dinge im Sinne des freien Wissenszugangs vorantreiben. \u00dcber dem Tellerrand&#8230;&#8230;<\/p>","protected":false},"author":4,"featured_media":0,"parent":343,"menu_order":0,"comment_status":"closed","ping_status":"closed","template":"","meta":{"footnotes":""},"class_list":["post-341","page","type-page","status-publish","hentry"],"_links":{"self":[{"href":"https:\/\/suma-ev.de\/en\/wp-json\/wp\/v2\/pages\/341","targetHints":{"allow":["GET"]}}],"collection":[{"href":"https:\/\/suma-ev.de\/en\/wp-json\/wp\/v2\/pages"}],"about":[{"href":"https:\/\/suma-ev.de\/en\/wp-json\/wp\/v2\/types\/page"}],"author":[{"embeddable":true,"href":"https:\/\/suma-ev.de\/en\/wp-json\/wp\/v2\/users\/4"}],"replies":[{"embeddable":true,"href":"https:\/\/suma-ev.de\/en\/wp-json\/wp\/v2\/comments?post=341"}],"version-history":[{"count":40,"href":"https:\/\/suma-ev.de\/en\/wp-json\/wp\/v2\/pages\/341\/revisions"}],"predecessor-version":[{"id":4245,"href":"https:\/\/suma-ev.de\/en\/wp-json\/wp\/v2\/pages\/341\/revisions\/4245"}],"up":[{"embeddable":true,"href":"https:\/\/suma-ev.de\/en\/wp-json\/wp\/v2\/pages\/343"}],"wp:attachment":[{"href":"https:\/\/suma-ev.de\/en\/wp-json\/wp\/v2\/media?parent=341"}],"curies":[{"name":"wp","href":"https:\/\/api.w.org\/{rel}","templated":true}]}}