{"id":343,"date":"2019-05-16T09:43:10","date_gmt":"2019-05-16T08:43:10","guid":{"rendered":"https:\/\/beta.suma-ev.de\/?page_id=343"},"modified":"2023-04-27T12:08:08","modified_gmt":"2023-04-27T10:08:08","slug":"aktivitaeten","status":"publish","type":"page","link":"https:\/\/suma-ev.de\/en\/aktivitaeten\/","title":{"rendered":"Activities"},"content":{"rendered":"<figure class=\"wp-block-image\"><img loading=\"lazy\" decoding=\"async\" width=\"1024\" height=\"372\" src=\"https:\/\/suma-ev.de\/wp-content\/uploads\/2019\/06\/activities-1024x372.png\" alt=\"\" class=\"wp-image-1393\" srcset=\"https:\/\/suma-ev.de\/wp-content\/uploads\/2019\/06\/activities-1024x372.png 1024w, https:\/\/suma-ev.de\/wp-content\/uploads\/2019\/06\/activities-300x109.png 300w, https:\/\/suma-ev.de\/wp-content\/uploads\/2019\/06\/activities-768x279.png 768w, https:\/\/suma-ev.de\/wp-content\/uploads\/2019\/06\/activities.png 1920w\" sizes=\"auto, (max-width: 1024px) 100vw, 1024px\" \/><\/figure>\n\n\n\n<p class=\"has-drop-cap has-text-align-left\" style=\"font-size:17px\">Der <strong>SUMA-EV<\/strong> ist nicht nur mit dem Betrieb und der Weiterentwicklung der Suchmaschine <strong><a href=\"\/index.php\/aktivitaeten\/metager\/\">MetaGer<\/a><\/strong> befasst, sondern auch in anderen Bereichen aktiv. Denn wir setzen uns daf\u00fcr ein, dass jeder Mensch unabh\u00e4ngig von kommerziellen oder staatlichen Interessen einen unzensierten und transparenten Zugang zum Wissen haben soll. Daf\u00fcr steht unser Name.  <\/p>\n\n\n\n<hr class=\"wp-block-separator has-css-opacity\"\/>\n\n\n\n<h2 class=\"wp-block-heading has-text-align-left\">Unsere Aktivit\u00e4ten haben ein Ziel: freies Wissen f\u00fcr alle<\/h2>\n\n\n\n<p style=\"font-size:17px\">Auf diesen folgenden Seiten k\u00f6nnen Sie sich einen \u00dcberblick \u00fcber unsere vielf\u00e4ltigen Aktivit\u00e4ten verschaffen.<\/p>\n\n\n\n<p style=\"font-size:18px\"><a href=\"https:\/\/suma-ev.de\/en\/aktivitaeten\/metager\/\">MetaGer &amp; MetaGer Maps<\/a>: unsere sichere Suchmaschine und der trackingfreie Kartendienst mit Routenplaner.<\/p>\n\n\n\n<p style=\"font-size:18px\"><a href=\"https:\/\/suma-ev.de\/en\/aktivitaeten\/suma-stipendien\/\" target=\"_blank\" rel=\"noreferrer noopener\">SUMA-Scholarships<\/a>: wir f\u00f6rdern Forschung im Bereich der Suchmaschinentechnologie.<\/p>\n\n\n\n<p style=\"font-size:18px\"><a href=\"https:\/\/suma-ev.de\/en\/open-search-foundation\/\" data-type=\"URL\" data-id=\"https:\/\/suma-ev.de\/open-search-foundation\/\" target=\"_blank\" rel=\"noreferrer noopener\">Open Search Foundation<\/a>: unsere Schwesterorganisation, die sich f\u00fcr einen europ\u00e4ischen Suchmaschinenindex einsetzt.<\/p>\n\n\n\n<p style=\"font-size:18px\"><a href=\"https:\/\/suma-ev.de\/en\/aktivitaeten\/sonstiges\/\" data-type=\"URL\" data-id=\"https:\/\/suma-ev.de\/aktivitaeten\/sonstiges\/\" target=\"_blank\" rel=\"noreferrer noopener\">weitere Aktivit\u00e4ten<\/a>: hier k\u00f6nnen Sie erfahren, wo wir dar\u00fcber hinaus in Aktion treten.<\/p>","protected":false},"excerpt":{"rendered":"<p>Der SUMA-EV ist nicht nur mit dem Betrieb und der Weiterentwicklung der Suchmaschine MetaGer befasst, sondern auch in anderen Bereichen aktiv. Denn wir setzen&#8230;<\/p>","protected":false},"author":4,"featured_media":0,"parent":0,"menu_order":0,"comment_status":"closed","ping_status":"closed","template":"","meta":{"footnotes":""},"class_list":["post-343","page","type-page","status-publish","hentry"],"_links":{"self":[{"href":"https:\/\/suma-ev.de\/en\/wp-json\/wp\/v2\/pages\/343","targetHints":{"allow":["GET"]}}],"collection":[{"href":"https:\/\/suma-ev.de\/en\/wp-json\/wp\/v2\/pages"}],"about":[{"href":"https:\/\/suma-ev.de\/en\/wp-json\/wp\/v2\/types\/page"}],"author":[{"embeddable":true,"href":"https:\/\/suma-ev.de\/en\/wp-json\/wp\/v2\/users\/4"}],"replies":[{"embeddable":true,"href":"https:\/\/suma-ev.de\/en\/wp-json\/wp\/v2\/comments?post=343"}],"version-history":[{"count":79,"href":"https:\/\/suma-ev.de\/en\/wp-json\/wp\/v2\/pages\/343\/revisions"}],"predecessor-version":[{"id":4388,"href":"https:\/\/suma-ev.de\/en\/wp-json\/wp\/v2\/pages\/343\/revisions\/4388"}],"wp:attachment":[{"href":"https:\/\/suma-ev.de\/en\/wp-json\/wp\/v2\/media?parent=343"}],"curies":[{"name":"wp","href":"https:\/\/api.w.org\/{rel}","templated":true}]}}