{"id":345,"date":"2019-05-16T09:43:27","date_gmt":"2019-05-16T08:43:27","guid":{"rendered":"https:\/\/beta.suma-ev.de\/?page_id=345"},"modified":"2026-02-04T09:49:24","modified_gmt":"2026-02-04T08:49:24","slug":"mitglieder","status":"publish","type":"page","link":"https:\/\/suma-ev.de\/en\/mitglieder\/","title":{"rendered":"Membership"},"content":{"rendered":"<figure class=\"wp-block-image\"><img loading=\"lazy\" decoding=\"async\" width=\"1024\" height=\"372\" src=\"https:\/\/suma-ev.de\/wp-content\/uploads\/2019\/06\/ein-strang-1024x372.png\" alt=\"\" class=\"wp-image-1342\" srcset=\"https:\/\/suma-ev.de\/wp-content\/uploads\/2019\/06\/ein-strang-1024x372.png 1024w, https:\/\/suma-ev.de\/wp-content\/uploads\/2019\/06\/ein-strang-300x109.png 300w, https:\/\/suma-ev.de\/wp-content\/uploads\/2019\/06\/ein-strang-768x279.png 768w, https:\/\/suma-ev.de\/wp-content\/uploads\/2019\/06\/ein-strang.png 1920w\" sizes=\"auto, (max-width: 1024px) 100vw, 1024px\" \/><\/figure>\n\n\n\n<p class=\"has-drop-cap\" style=\"font-size:17px\"><strong>Sie teilen unsere Ideale?<\/strong> Das freut uns! Wie jedes zivilgesellschaftliche Projekt braucht auch der SUMA-EVdie moralische und ideelle Unterst\u00fctzung von au\u00dfen. Und nat\u00fcrlich die finanzielle. Ohne Unterst\u00fctzung unserer Mitglieder und Freunde w\u00e4re es schwieriger, die Entwicklung von MetaGer sowie die Arbeit an unseren anderen Projekten zu realisieren.<\/p>\n\n\n\n<hr class=\"wp-block-separator has-css-opacity\"\/>\n\n\n\n<h2 class=\"wp-block-heading\">Machen Sie mit!<\/h2>\n\n\n\n<p style=\"font-size:17px\">Auf lange Sicht streben wir an, uns ausschlie\u00dflich \u00fcber unsere Mitgliedsbeitr\u00e4ge und Spenden zu finanzieren. Nicht zuletzt aus diesem Grund ist uns nicht nur Ihre Spende, sondern vor allem auch Ihre <strong>Membership<\/strong> ( Formular: <a href=\"https:\/\/metager.de\/membership\" data-type=\"link\" data-id=\"https:\/\/metager.de\/membership\">https:\/\/metager.de\/membership<\/a> ) sehr willkommen!<\/p>\n\n\n\n<p style=\"font-size:17px\">Aber auch f\u00fcr Sie bringt eine SUMA-EV-Mitgliedschaft Vorteile: Sie k\u00f6nnen z.B. MetaGer ohne zus\u00e4tzliche Kosten verwenden. Und Sie k\u00f6nnen \u00fcber unsere Mitgliederversammlungen nicht nur interessierte und interessante Menschen kennenlernen, sondern mitbestimmen, in welcher Weise wir unsere Vereinsziele k\u00fcnftig umsetzen wollen. Mit unserer <a href=\"https:\/\/suma-ev.de\/en\/satzung\/\">Statutes <\/a>k\u00f6nnen Sie sich einen guten \u00dcberblick verschaffen, wenn Sie mit dem Gedanken spielen, Mitglied zu werden.<\/p>\n\n\n\n<p style=\"font-size:17px\">Zudem freuen wir uns nat\u00fcrlich aber auch \u00fcber jede <strong>Spende<\/strong>. Das Formular f\u00fcr Ihre Spende wird beim <strong><a href=\"https:\/\/metager.de\/spende\">Klick auf diese Zeile<\/a><\/strong> ge\u00f6ffnet.  <\/p>\n\n\n\n<p class=\"has-very-light-gray-background-color has-background\">Beitr\u00e4ge oder Spenden an den SUMA-EV sind steuerlich absetzbar, da der Verein vom Finanzamt Hannover Nord mit Freistellungsbescheid vom 21.6.2024 als gemeinn\u00fctzig anerkannt ist. Eine Bescheinigung f\u00fcr Einzelspenden oberhalb 300,-EUR wird automatisch zugesandt (bitte bei \u00dcberweisung Adresse angeben oder per separater E-Mail mitteilen). Bei Spenden bis 300,-EUR reicht der \u00dcberweisungsbeleg f\u00fcr die Absetzbarkeit beim Finanzamt.<\/p>\n\n\n\n<hr class=\"wp-block-separator has-css-opacity\"\/>\n\n\n\n<figure class=\"wp-block-image\"><img loading=\"lazy\" decoding=\"async\" width=\"1024\" height=\"372\" src=\"https:\/\/suma-ev.de\/wp-content\/uploads\/2019\/06\/chest-1024x372.png\" alt=\"\" class=\"wp-image-1414\" srcset=\"https:\/\/suma-ev.de\/wp-content\/uploads\/2019\/06\/chest-1024x372.png 1024w, https:\/\/suma-ev.de\/wp-content\/uploads\/2019\/06\/chest-300x109.png 300w, https:\/\/suma-ev.de\/wp-content\/uploads\/2019\/06\/chest-768x279.png 768w, https:\/\/suma-ev.de\/wp-content\/uploads\/2019\/06\/chest.png 1920w\" sizes=\"auto, (max-width: 1024px) 100vw, 1024px\" \/><\/figure>\n\n\n\n<h2 class=\"wp-block-heading\">Werbefreie Suche<\/h2>\n\n\n\n<p>In Ihrer Vereinsmitgliedschaft ist ein <a rel=\"noreferrer noopener\" href=\"https:\/\/metager.de\/keys\" target=\"_blank\">MetaGer Schl\u00fcssel<\/a> enthalten, der monatlich im <a rel=\"noreferrer noopener\" href=\"https:\/\/metager.de\/keys\/cost\" target=\"_blank\">Gegenwert<\/a> Ihres Mitgliedsbeitrags aufgeladen wird. Mit diesem k\u00f6nnen Sie die MetaGer Suche vollst\u00e4ndig werbefrei verwenden. <\/p>\n\n\n\n<hr class=\"wp-block-separator has-css-opacity\"\/>\n\n\n\n<h2 class=\"wp-block-heading\">Wir setzen Ihre Links <\/h2>\n\n\n\n<p style=\"font-size:17px\">Ein weiterer Service f\u00fcr unsere Mitglieder: Wir setzen gerne <em><strong>Links zu Ihrer Webseite<\/strong><\/em> auf unseren Servern, und zwar:<\/p>\n\n\n\n<ul class=\"wp-block-list\">\n<li>von&nbsp;<a href=\"\/en\/mitglieder\/liste-unserer-mitglieder\/\" target=\"_blank\" rel=\"noreferrer noopener\">https:\/\/suma-ev.de\/mitglieder\/liste-unserer-mitglieder<\/a>, wenn gew\u00fcnscht mit kurzer Webpr\u00e4sentation,<\/li>\n\n\n\n<li> von&nbsp;<a href=\"\/en\/alternative-sumas-im-suma-ev\/\" target=\"_blank\" rel=\"noreferrer noopener\">https:\/\/suma-ev.de\/alternative-sumas-im-sumaev\/<\/a> f\u00fcr SUMA-EV Mitglieder, die eine eigene Suchmaschine betreiben oder entwickeln. <\/li>\n<\/ul>\n\n\n\n<hr class=\"wp-block-separator has-css-opacity\"\/>\n\n\n\n<figure class=\"wp-block-image\"><img loading=\"lazy\" decoding=\"async\" width=\"1024\" height=\"372\" src=\"https:\/\/suma-ev.de\/wp-content\/uploads\/2019\/06\/moneymoney-1024x372.png\" alt=\"\" class=\"wp-image-1394\" srcset=\"https:\/\/suma-ev.de\/wp-content\/uploads\/2019\/06\/moneymoney-1024x372.png 1024w, https:\/\/suma-ev.de\/wp-content\/uploads\/2019\/06\/moneymoney-300x109.png 300w, https:\/\/suma-ev.de\/wp-content\/uploads\/2019\/06\/moneymoney-768x279.png 768w, https:\/\/suma-ev.de\/wp-content\/uploads\/2019\/06\/moneymoney.png 1920w\" sizes=\"auto, (max-width: 1024px) 100vw, 1024px\" \/><\/figure>\n\n\n\n<h2 class=\"wp-block-heading\">Mastodon<\/h2>\n\n\n\n<p>Der SUMA-EV ist im alternativen und verteilten sozialen Netzwerk Mastodon mit einem eigenen Account vertreten. Hierzu betreiben wir eine <a href=\"https:\/\/suma-ev.social\" target=\"_blank\" rel=\"noreferrer noopener\">Instanz<\/a> auf unseren eigenen Servern. Gleichzeitig erhalten Sie als Mitglied die exklusive M\u00f6glichkeit dem Fediverse ebenfalls \u00fcber diese Instanz beizutreten. Sie bekommen dann einen Nutzeraccount, der auf @suma-ev.social endet.<\/p>\n\n\n\n<h2 class=\"wp-block-heading\">Mitgliedsbeitrag<\/h2>\n\n\n\n<p style=\"font-size:17px\"><strong>Ihren Mitgliedsbeitrag<\/strong>&nbsp;k\u00f6nnen Sie selber w\u00e4hlen, es sind lediglich Mindestbeitr\u00e4ge festgesetzt. F\u00fcr Privatpersonen und Einzelmitglieder betr\u00e4gt dieser monatlich 5,- EUR (Sch\u00fcler, Studenten usw. die H\u00e4lfte). F\u00fcr Firmen und Organisationen mindestens 5,- EUR pro Mitarbeiter und pro Monat, bei Firmen ab 20 Mitarbeitern pauschal 100,- EUR pro Monat, bei Firmen ab 200 Mitarbeitern pauschal 200,-EUR pro Monat.&nbsp;Wir empfehlen einen Mitgliedsbeitrag von 10\u20ac pro Monat.<\/p>\n\n\n\n<div class=\"wp-block-buttons is-content-justification-center is-layout-flex wp-container-core-buttons-is-layout-16018d1d wp-block-buttons-is-layout-flex\">\n<div class=\"wp-block-button\"><a class=\"wp-block-button__link wp-element-button\" href=\"https:\/\/metager.de\/membership\">Jetzt Mitglied werden!<\/a><\/div>\n<\/div>","protected":false},"excerpt":{"rendered":"<p>Sie teilen unsere Ideale? Das freut uns! Wie jedes zivilgesellschaftliche Projekt braucht auch der SUMA-EVdie moralische und ideelle Unterst\u00fctzung von au\u00dfen. Und nat\u00fcrlich die&#8230;<\/p>","protected":false},"author":4,"featured_media":0,"parent":0,"menu_order":0,"comment_status":"closed","ping_status":"closed","template":"","meta":{"footnotes":""},"class_list":["post-345","page","type-page","status-publish","hentry"],"_links":{"self":[{"href":"https:\/\/suma-ev.de\/en\/wp-json\/wp\/v2\/pages\/345","targetHints":{"allow":["GET"]}}],"collection":[{"href":"https:\/\/suma-ev.de\/en\/wp-json\/wp\/v2\/pages"}],"about":[{"href":"https:\/\/suma-ev.de\/en\/wp-json\/wp\/v2\/types\/page"}],"author":[{"embeddable":true,"href":"https:\/\/suma-ev.de\/en\/wp-json\/wp\/v2\/users\/4"}],"replies":[{"embeddable":true,"href":"https:\/\/suma-ev.de\/en\/wp-json\/wp\/v2\/comments?post=345"}],"version-history":[{"count":76,"href":"https:\/\/suma-ev.de\/en\/wp-json\/wp\/v2\/pages\/345\/revisions"}],"predecessor-version":[{"id":4792,"href":"https:\/\/suma-ev.de\/en\/wp-json\/wp\/v2\/pages\/345\/revisions\/4792"}],"wp:attachment":[{"href":"https:\/\/suma-ev.de\/en\/wp-json\/wp\/v2\/media?parent=345"}],"curies":[{"name":"wp","href":"https:\/\/api.w.org\/{rel}","templated":true}]}}