{"id":3474,"date":"2020-09-01T16:42:37","date_gmt":"2020-09-01T16:42:37","guid":{"rendered":"https:\/\/suma-ev.de\/?page_id=3474"},"modified":"2020-09-01T16:52:12","modified_gmt":"2020-09-01T16:52:12","slug":"stellungnahme","status":"publish","type":"page","link":"https:\/\/suma-ev.de\/en\/stellungnahme\/","title":{"rendered":"Stellungnahme"},"content":{"rendered":"<h2 class=\"wp-block-heading\">Stellungnahme des SUMA-EV: Rechtsextreme Ergebnisse <\/h2>\n\n\n\n<p style=\"font-size:17px\">Gestern erreichten uns im Zusammenhang mit der \u201eAnti-Corona-Demo\u201c am 29.08.2020 in Berlin Beschwerden \u00fcber die Zusammensetzung der von MetaGer pr\u00e4sentierten Suchergebnisse. Diese seien in der Hauptsache tendenzi\u00f6s rechtslastig. <\/p>\n\n\n\n<p style=\"font-size:17px\">Wir haben uns hier zusammengesetzt und diese Sache besprochen. Eingangs m\u00f6chten wir sagen, dass wir diese an uns gerichtete Kritik verstehen, vollauf annehmen und uns zu eigen machen. Die Zusammensetzung der Suchergebnisse zu Suchw\u00f6rtern in dieser Richtung (wie \u201eReichstag 29.08.2020\u201c u.\u00e4.) war f\u00fcr etwa 24 Stunden unannehmbar. <\/p>\n\n\n\n<p style=\"font-size:17px\">Wie ist dieses Problem entstanden? Unserer Ansicht nach gibt es zwei Gr\u00fcnde daf\u00fcr: <\/p>\n\n\n\n<p style=\"font-size:17px\">1. Als Metasuchmaschine aggregieren wir Ergebnisse aus verschiedensten Quellen und die Mischung dieser Ergebnisse ist normalerweise auch im politisch aktuellen Bereich zufriedenstellend. Die Darstellung des gesamten existierenden Spektrums (und zwar nicht nur des politischen) bez\u00fcglich einer Thematik ist f\u00fcr uns oberstes Gebot. In diesem Fall kamen Ergebnisse, die diese Mischung bewirkt h\u00e4tten, um ca. 24 Stunden zu sp\u00e4t. Wir haben als kleine Suchmaschine momentan einen eher schlechten Zugriff auf tagesaktuelles Geschehen.<\/p>\n\n\n\n<p style=\"font-size:17px\"> 2. Die (Internet-)Akteure im Umfeld dieser Demonstration waren um ein Vielfaches besser organisiert und schneller als die meisten Stimmen, die dem im Wesentlichen von rechts kommenden Einheitsbrei h\u00e4tten entgegenwirken k\u00f6nnen. Diese haben es geschafft, alles zu bestimmen und anderes zu verdr\u00e4ngen. <\/p>\n\n\n\n<h4 class=\"wp-block-heading\">Was wollen wir tun? <\/h4>\n\n\n\n<p style=\"font-size:17px\">1. Wir beobachten heute (Dienstag, 01.09.2020) bei der Betrachtung der Ergebnisse eine deutlich bessere Mischung, das bedeutet, dass wir inzwischen deutlich mehr Suchergebnisse anzeigen, die einer unvoreingenommenen Meinungsbildung dienlich sind. Wir m\u00f6chten ausdr\u00fccklich keine (nichtkriminellen) Seiten aus den Ergebnissen ausblenden und damit nicht in Zensur einsteigen. <\/p>\n\n\n\n<p style=\"font-size:17px\">2. So bleibt uns nur, f\u00fcr eine deutlich bessere Mischung der Ergebnisse zu sorgen. Als Schnellschuss werden wir aktuell einen von uns abgefragten Newsaggregator (Onenewspage), der sehr gute Ergebnisse liefert, als Default f\u00fcr die normale Websuche integrieren und im Zweifel h\u00f6her bewerten. <\/p>\n\n\n\n<p style=\"font-size:17px\">3. Bestandteil unserer \u201eSuchmaschinensammlung\u201c ist die in diesem speziellen Zusammenhang \u201eauff\u00e4llig\u201c gewordene eigenst\u00e4ndige Suchmaschine Scopia. Diese Suchmaschine ist in der \u00d6ffentlichkeit praktisch unsichtbar. Die Betreiber sind identisch mit der fr\u00fcheren Suchmaschine fastbot, die dann eingestellt wurde. Wir werden unsere Kontakte dorthin verst\u00e4rkt nutzen, um auf eine Verbesserung hinzuwirken. <\/p>\n\n\n\n<p style=\"font-size:17px\">4. Mittelfristig wollen wir im Rahmen eines aktuellen Projekts Kontakt mit einer ganzen Reihe von Newsanbietern und Zeitungen aufnehmen, um unsere Ergebnisse tagesaktuell aufbessern zu k\u00f6nnen.<\/p>","protected":false},"excerpt":{"rendered":"<p>Stellungnahme des SUMA-EV: Rechtsextreme Ergebnisse Gestern erreichten uns im Zusammenhang mit der \u201eAnti-Corona-Demo\u201c am 29.08.2020 in Berlin Beschwerden \u00fcber die Zusammensetzung der von MetaGer&#8230;<\/p>","protected":false},"author":2,"featured_media":0,"parent":0,"menu_order":0,"comment_status":"closed","ping_status":"closed","template":"","meta":{"footnotes":""},"class_list":["post-3474","page","type-page","status-publish","hentry"],"_links":{"self":[{"href":"https:\/\/suma-ev.de\/en\/wp-json\/wp\/v2\/pages\/3474","targetHints":{"allow":["GET"]}}],"collection":[{"href":"https:\/\/suma-ev.de\/en\/wp-json\/wp\/v2\/pages"}],"about":[{"href":"https:\/\/suma-ev.de\/en\/wp-json\/wp\/v2\/types\/page"}],"author":[{"embeddable":true,"href":"https:\/\/suma-ev.de\/en\/wp-json\/wp\/v2\/users\/2"}],"replies":[{"embeddable":true,"href":"https:\/\/suma-ev.de\/en\/wp-json\/wp\/v2\/comments?post=3474"}],"version-history":[{"count":3,"href":"https:\/\/suma-ev.de\/en\/wp-json\/wp\/v2\/pages\/3474\/revisions"}],"predecessor-version":[{"id":3481,"href":"https:\/\/suma-ev.de\/en\/wp-json\/wp\/v2\/pages\/3474\/revisions\/3481"}],"wp:attachment":[{"href":"https:\/\/suma-ev.de\/en\/wp-json\/wp\/v2\/media?parent=3474"}],"curies":[{"name":"wp","href":"https:\/\/api.w.org\/{rel}","templated":true}]}}