{"id":3562,"date":"2020-11-11T08:57:12","date_gmt":"2020-11-11T08:57:12","guid":{"rendered":"https:\/\/suma-ev.de\/?page_id=3562"},"modified":"2020-11-11T08:57:12","modified_gmt":"2020-11-11T08:57:12","slug":"stellungnahme-22-10-2019","status":"publish","type":"page","link":"https:\/\/suma-ev.de\/en\/stellungnahme-22-10-2019\/","title":{"rendered":"Stellungnahme 22.10.2019"},"content":{"rendered":"<h2 class=\"wp-block-heading\">Stellungnahme des SUMA-EV: neues Logo<\/h2>\n\n\n\n<p>Nichts bleibt wie es ist, auch wir ver\u00e4ndern uns. Einst war MetaGer Pionier im Bereich der Suchmaschinentechnologie. Als sich Google zum Monopol aufschwang, war MetaGer pl\u00f6tzlich eine \u201eAlternative\u201c. In dieser Zeit kam immer dr\u00e4ngender die Notwendigkeit des Privatsph\u00e4renschutzes hinzu. Insbesondere die M\u00f6glichkeit der anonymen Suche ist sp\u00e4testens seit dem durch Edward Snowden ausgel\u00f6sten Skandal um den NSA ein zwingendes Argument f\u00fcr die Nutzung von MetaGer, weil MetaGer es mit dem \u201eAbh\u00f6rschutz\u201c wirklich ernst meint. MetaGer wird zunehmend auch von Menschen genutzt, die komfortabel aber sicher suchen wollen.<\/p>\n\n\n\n<p>Aber nicht nur MetaGer, auch der SUMA-EV als Tr\u00e4gerverein von MetaGer hat sich im Laufe der Jahre neuen Erfordernissen angepasst. Wir sind mittlerweile in unterschiedliche Projekte mit dem Ziel des freien Wissenszugangs involviert und fungieren als Dachverband f\u00fcr alternative Suchmaschinen. Schon lange verstehen wir uns als Ort, an dem Diskurse gef\u00fchrt und abgebildet werden, die sich um Themen wie die Monopolbildung im Suchmaschinenbereich und Schutz der Privatsph\u00e4re drehen. Egal ob es um EU-Urheberrechte geht oder um Googles Monopolstellung auf dem Suchmaschinenmarkt: Der SUMA-EV will mitreden und aktiv mitgestalten. Das war schon immer so und hat sich mit den Jahren noch verst\u00e4rkt.<\/p>\n\n\n\n<p>Diese alte und neue Ausrichtung des SUMA-EV wird sich von nun an in einem neuen, schlankeren und moderneren Design widerspiegeln. Nicht nur die SUMA-EV-Seite passt sich dabei unserem neuen Selbstverst\u00e4ndnis an, sondern auch das MetaGer-Logo. Was sich bei all den Ver\u00e4nderungen aber nicht ver\u00e4ndert hat, ist unsere Begeisterung und unser Engagement f\u00fcr technische und soziale L\u00f6sungen, mit denen wir uns f\u00fcr den freien Wissenszugang einsetzen. Schauen Sie doch einfach mal rein bei https:\/\/suma-ev.de<\/p>","protected":false},"excerpt":{"rendered":"<p>Stellungnahme des SUMA-EV: neues Logo Nichts bleibt wie es ist, auch wir ver\u00e4ndern uns. Einst war MetaGer Pionier im Bereich der Suchmaschinentechnologie. Als sich&#8230;<\/p>","protected":false},"author":2,"featured_media":0,"parent":0,"menu_order":0,"comment_status":"closed","ping_status":"closed","template":"","meta":{"footnotes":""},"class_list":["post-3562","page","type-page","status-publish","hentry"],"_links":{"self":[{"href":"https:\/\/suma-ev.de\/en\/wp-json\/wp\/v2\/pages\/3562","targetHints":{"allow":["GET"]}}],"collection":[{"href":"https:\/\/suma-ev.de\/en\/wp-json\/wp\/v2\/pages"}],"about":[{"href":"https:\/\/suma-ev.de\/en\/wp-json\/wp\/v2\/types\/page"}],"author":[{"embeddable":true,"href":"https:\/\/suma-ev.de\/en\/wp-json\/wp\/v2\/users\/2"}],"replies":[{"embeddable":true,"href":"https:\/\/suma-ev.de\/en\/wp-json\/wp\/v2\/comments?post=3562"}],"version-history":[{"count":2,"href":"https:\/\/suma-ev.de\/en\/wp-json\/wp\/v2\/pages\/3562\/revisions"}],"predecessor-version":[{"id":3564,"href":"https:\/\/suma-ev.de\/en\/wp-json\/wp\/v2\/pages\/3562\/revisions\/3564"}],"wp:attachment":[{"href":"https:\/\/suma-ev.de\/en\/wp-json\/wp\/v2\/media?parent=3562"}],"curies":[{"name":"wp","href":"https:\/\/api.w.org\/{rel}","templated":true}]}}