{"id":3571,"date":"2020-11-24T09:06:34","date_gmt":"2020-11-24T09:06:34","guid":{"rendered":"https:\/\/suma-ev.de\/?page_id=3571"},"modified":"2020-11-24T14:56:43","modified_gmt":"2020-11-24T14:56:43","slug":"stellungnahme-des-suma-ev-schwaechung-der-verschluesselung","status":"publish","type":"page","link":"https:\/\/suma-ev.de\/en\/stellungnahme-des-suma-ev-schwaechung-der-verschluesselung\/","title":{"rendered":"Stellungnahme: Schw\u00e4chung der Verschl\u00fcsselung"},"content":{"rendered":"<h2 class=\"wp-block-heading\">Stellungnahme des SUMA-EV: Schw\u00e4chung der Verschl\u00fcsselung kann auch Suchmaschinen betreffen<\/h2>\n\n\n\n<p>Im Windschatten von Terroranschl\u00e4gen wird regelm\u00e4\u00dfig versucht, Befugniserweiterungen der ermittelnden Beh\u00f6rden durchzusetzen, so auch, nachdem in Wien am 3.11.2020 ein islamistischer Anschlag ver\u00fcbt wurde. Immer wieder r\u00fcckt dabei die \u00d6ffnung von Hintert\u00fcren der Verschl\u00fcsselung in den Fokus. Die EU-Regierungen versuchen derzeit, sichere Ende-zu-Ende-Verschl\u00fcsselungen zu verbieten. Datensch\u00fctzer monieren, dass Kommission und Rat gerade nach Terrorattacken immer wieder in gleiche \u00dcberwachungsmuster zur\u00fcckfielen, bevor analysiert wurde, wo Fehler gelegen haben. Ob sich Anschl\u00e4ge durch \u00dcberwachung der Kommunikation vermeiden lassen, ist dabei mehr als fraglich.<\/p>\n\n\n\n<p>Eine Informationsgewinnung \u00fcber Endger\u00e4te und Server ist heute schon nach richterlicher Anweisung m\u00f6glich. Dennoch priorisieren Beh\u00f6rden technische Ma\u00dfnahmen der Terrorabwehr gegen\u00fcber personalintensiveren, auf Personen\u00fcberwachung basierenden Ma\u00dfnahmen. Doch Datensch\u00fctzer warnen seit Jahren: Hintert\u00fcren f\u00fchren ins Nichts. Ein staatlicher Zugang \u00fcber sogenannte Generalschl\u00fcssel w\u00fcrde die Verschl\u00fcsselung und damit den Schutz der Privatsph\u00e4re erheblich schw\u00e4chen. Denn nun m\u00fcssten Angreifer wie etwa fremde Geheimdienste autorit\u00e4rer Staaten oder Hacker nur noch an einer zentralen Stelle ansetzen, um an die Schl\u00fcssel zu gelangen, womit die Privatsph\u00e4re ausgehebelt w\u00e4re. Dies alles ist jedoch hinl\u00e4nglich bekannt.<\/p>\n\n\n\n<p>Doch wir wollen auf einen Punkt aufmerksam machen, der bislang noch wenig diskutiert worden ist: Auch Suchmaschinenbetreiber k\u00f6nnte die Pflicht der Herausgabe eines Generalschl\u00fcssels betreffen. Die Daten\u00fcbertragung bei MetaGer erfolgt beispielsweise ausschlie\u00dflich automatisch verschl\u00fcsselt \u00fcber das HTTPS-Protokoll. Beh\u00f6rden k\u00f6nnten nun auch MetaGer und andere Suchmaschinenbetreiber verpflichten, f\u00fcr diese Verschl\u00fcsselung Hintert\u00fcren zu \u00f6ffnen, um die Seitenbesuche mitzuloggen. Damit w\u00e4re nicht nur die einzelne Suchaktion nachvollziehbar, sondern dem Nutzer m\u00f6glicherweise auch zuzuordnen. Noch st\u00e4rker als bei der Kommunikation ist die Internetsuche jedoch Ausdruck h\u00f6chstpers\u00f6nlicher Pr\u00e4ferenzen, Gedanken, Gef\u00fchle, Vorhaben. Sie betrifft den Kern des Privaten. Wenn die Suchmaschinensuche in die Strafverfolgung eingebunden wird, resultieren daraus in der Tat Erkenntnisse, die f\u00fcr Beh\u00f6rden der Strafverfolgung und Terrorabwehr \u00e4u\u00dferst interessant sein k\u00f6nnten, jedoch auch f\u00fcr Hacker, fremde Geheimdienste und kommerzielle IT-Konzerne. Denn es k\u00f6nnten Pers\u00f6nlichkeitsprofile erstellt werden, die genauer und aussagekr\u00e4ftiger kaum sein k\u00f6nnten.<\/p>\n\n\n\n<p>Noch ist von Backdoor-L\u00f6sungen wie der Schw\u00e4chung der Verschl\u00fcsselung im Bereich der Suchmaschinentechnik nicht die Rede. Werden jedoch weiterhin mit Unterst\u00fctzung der Bundesregierung die EU-Pl\u00e4ne zur Schw\u00e4chung von Verschl\u00fcsselungssystemen im Bereich der Kommunikation verfolgt, wird es nach unserem Ermessen nicht lange dauern, bis diese Praxis um sich greift und Verschl\u00fcsselung generell geschw\u00e4cht wird, auch in diesem Bereich. Diese Entwicklungen halten wir f\u00fcr problematisch.<\/p>","protected":false},"excerpt":{"rendered":"<p>Stellungnahme des SUMA-EV: Schw\u00e4chung der Verschl\u00fcsselung kann auch Suchmaschinen betreffen Im Windschatten von Terroranschl\u00e4gen wird regelm\u00e4\u00dfig versucht, Befugniserweiterungen der ermittelnden Beh\u00f6rden durchzusetzen, so auch,&#8230;<\/p>","protected":false},"author":2,"featured_media":0,"parent":0,"menu_order":0,"comment_status":"closed","ping_status":"closed","template":"","meta":{"footnotes":""},"class_list":["post-3571","page","type-page","status-publish","hentry"],"_links":{"self":[{"href":"https:\/\/suma-ev.de\/en\/wp-json\/wp\/v2\/pages\/3571","targetHints":{"allow":["GET"]}}],"collection":[{"href":"https:\/\/suma-ev.de\/en\/wp-json\/wp\/v2\/pages"}],"about":[{"href":"https:\/\/suma-ev.de\/en\/wp-json\/wp\/v2\/types\/page"}],"author":[{"embeddable":true,"href":"https:\/\/suma-ev.de\/en\/wp-json\/wp\/v2\/users\/2"}],"replies":[{"embeddable":true,"href":"https:\/\/suma-ev.de\/en\/wp-json\/wp\/v2\/comments?post=3571"}],"version-history":[{"count":4,"href":"https:\/\/suma-ev.de\/en\/wp-json\/wp\/v2\/pages\/3571\/revisions"}],"predecessor-version":[{"id":3580,"href":"https:\/\/suma-ev.de\/en\/wp-json\/wp\/v2\/pages\/3571\/revisions\/3580"}],"wp:attachment":[{"href":"https:\/\/suma-ev.de\/en\/wp-json\/wp\/v2\/media?parent=3571"}],"curies":[{"name":"wp","href":"https:\/\/api.w.org\/{rel}","templated":true}]}}