{"id":3850,"date":"2021-10-07T09:00:00","date_gmt":"2021-10-07T09:00:00","guid":{"rendered":"https:\/\/suma-ev.de\/?page_id=3850"},"modified":"2022-05-17T11:10:49","modified_gmt":"2022-05-17T11:10:49","slug":"mit-metager-auf-dem-volla-phone-suchen","status":"publish","type":"page","link":"https:\/\/suma-ev.de\/en\/mit-metager-auf-dem-volla-phone-suchen\/","title":{"rendered":"Pressemitteilung vom 4.10.2021: Partnerschaft MetaGer und Volla Phone"},"content":{"rendered":"<h1 class=\"wp-block-heading\"><strong>Partnerschaft MetaGer und Volla-Phone <\/strong><\/h1>\n\n\n\n<p>Hannover, 4.10.2021 Bald wird es m\u00f6glich sein, MetaGer auf dem \u201eVolla Phone\u201c als Standardsuchmaschine auszuw\u00e4hlen. Volla Phone m\u00f6chte gemeinsam mit mehreren Partnern eine Gesamtl\u00f6sung f\u00fcr Nutzer darstellen, die sich mehr Kontrolle \u00fcber ihre Zeit, aber auch \u00fcber ihre Privatsph\u00e4re w\u00fcnschen. MetaGer geh\u00f6rt zu den Partnern, mit denen Volla Phone diese L\u00f6sung realisiert.<\/p>\n\n\n\n<h2 class=\"wp-block-heading\"><strong>Volla Phone f\u00fcr den selbstbestimmten Nutzer<\/strong><\/h2>\n\n\n\n<p>Das Volla Phone ist ein Produkt von \u201eHallo Welt Systeme UG\u201c in Remscheid. Die Entwickler des Smartphones verfolgen den Ansatz, m\u00f6glichst wenig von der Aufmerksamkeit des Users zu beanspruchen. Technik soll nicht ablenken und sich in der Vordergrund spielen, sondern als blo\u00dfes Werkzeug im Hintergrund bleiben. Durch M\u00f6glichkeiten wie detaillierter Datenschutzeinstellungen, logfreiem VPN, quelloffener Apps aus einem alternativen App Store wird zudem Schutz der Privatsph\u00e4re erm\u00f6glicht \u2013 ganz ohne Google-Dienste. Wer es mit noch mehr M\u00f6glichkeiten zur selbstbestimmten Nutzung m\u00f6chte, kann auf die Variante mit \u201eUbuntu Touch\u201c zur\u00fcckgreifen.<\/p>\n\n\n\n<p>Mehr Informationen gibt es hier: <a href=\"https:\/\/volla.online\/de\/\">https:\/\/volla.online\/de\/<\/a><\/p>\n\n\n\n<h2 class=\"wp-block-heading\"><strong>Allianz der Unabh\u00e4ngigkeit<\/strong><\/h2>\n\n\n\n<p>Viele Menschen kritisieren, dass Produkte der gro\u00dfen IT-Unternehmen dem Nutzer die Rolle eines Datenlieferanten auferlegen, der mit allerlei n\u00fctzlichen und weniger n\u00fctzlichen Funktionen dazu gebracht wird, m\u00f6glichst viel Zeit vor dem Ger\u00e4t zu verbringen. Alternativen, die den selbstbestimmten Nutzer adressieren, sind zwar vorhanden, gelten aber als unbequem.<\/p>\n\n\n\n<p>Die gro\u00dfen IT-Unternehmen bieten ihren Kunden auf der Software- und Ger\u00e4teebene L\u00f6sungen, die \u2013 unter anderem durch Voreinstellungen &#8211; miteinander verkn\u00fcpft sind. Das macht sie so bequem und attraktiv. Bislang konnten die Alternativen hier nicht mithalten, da sie vom Nutzer Initiative beanspruchen. Doch je mehr privatsph\u00e4rensch\u00fctzende Alternativen und Produkte auf unterschiedlichen Ebenen existieren und je besser diese Ebenen miteinander vernetzt sind, desto leichter wird es m\u00f6glich sein, eine ernstzunehmende Alternative darzustellen.<\/p>\n\n\n\n<p>Die Einbindung in das Volla Phone erleichtert somit Projekten wie MetaGer die Erschlie\u00dfung neuer Nutzergruppen. Dies ist gerade auch im Hinblick auf aktuelle politische Entwicklungen wie die geplante Einf\u00fchrung staatlicher \u00dcberwachungsprogramme (Staatstrojaner) wichtiger denn je.<\/p>\n\n\n\n<p><strong>Kontakt:<\/strong><\/p>\n\n\n\n<p>SUMA-EV<\/p>\n\n\n\n<p>Telefon: 0511-34000070<\/p>\n\n\n\n<p>Email: branz@suma-ev.de<\/p>\n\n\n\n<p>Weitere Informationen finden Sie unter: <a href=\"https:\/\/volla.online\/de\/blog\/files\/partner-for-search.html\">https:\/\/volla.online\/de\/blog\/files\/partner-for-search.html<\/a><\/p>\n\n\n\n<p>und <a href=\"https:\/\/suma-ev.de\/en\/mit-metager-auf-dem-volla-phone-suchen\/\">https:\/\/suma-ev.de\/mit-metager-auf-dem-volla-phone-suchen\/<\/a><\/p>\n\n\n\n<h2 class=\"wp-block-heading\">Update: <\/h2>\n\n\n\n<p>Die neue Kickstarter-Kampagne f\u00fcr das VollaPhone 22 ist inzwischen erfolgreich gestartet. Das Finanzierungsziel wurde in weniger als 6 Stunden erreicht.<\/p>","protected":false},"excerpt":{"rendered":"<p>Partnerschaft MetaGer und Volla-Phone Hannover, 4.10.2021 Bald wird es m\u00f6glich sein, MetaGer auf dem \u201eVolla Phone\u201c als Standardsuchmaschine auszuw\u00e4hlen. Volla Phone m\u00f6chte gemeinsam mit&#8230;<\/p>","protected":false},"author":2,"featured_media":0,"parent":0,"menu_order":0,"comment_status":"closed","ping_status":"closed","template":"","meta":{"footnotes":""},"class_list":["post-3850","page","type-page","status-publish","hentry"],"_links":{"self":[{"href":"https:\/\/suma-ev.de\/en\/wp-json\/wp\/v2\/pages\/3850","targetHints":{"allow":["GET"]}}],"collection":[{"href":"https:\/\/suma-ev.de\/en\/wp-json\/wp\/v2\/pages"}],"about":[{"href":"https:\/\/suma-ev.de\/en\/wp-json\/wp\/v2\/types\/page"}],"author":[{"embeddable":true,"href":"https:\/\/suma-ev.de\/en\/wp-json\/wp\/v2\/users\/2"}],"replies":[{"embeddable":true,"href":"https:\/\/suma-ev.de\/en\/wp-json\/wp\/v2\/comments?post=3850"}],"version-history":[{"count":4,"href":"https:\/\/suma-ev.de\/en\/wp-json\/wp\/v2\/pages\/3850\/revisions"}],"predecessor-version":[{"id":4098,"href":"https:\/\/suma-ev.de\/en\/wp-json\/wp\/v2\/pages\/3850\/revisions\/4098"}],"wp:attachment":[{"href":"https:\/\/suma-ev.de\/en\/wp-json\/wp\/v2\/media?parent=3850"}],"curies":[{"name":"wp","href":"https:\/\/api.w.org\/{rel}","templated":true}]}}