{"id":4374,"date":"2023-04-27T10:59:03","date_gmt":"2023-04-27T08:59:03","guid":{"rendered":"https:\/\/suma-ev.de\/?page_id=4374"},"modified":"2023-04-27T10:59:03","modified_gmt":"2023-04-27T08:59:03","slug":"pressemitteilung-die-suchmaschine-metager-fuehrt-eine-kostenpflichtige-werbefreie-suche-ein","status":"publish","type":"page","link":"https:\/\/suma-ev.de\/en\/pressemitteilung-die-suchmaschine-metager-fuehrt-eine-kostenpflichtige-werbefreie-suche-ein\/","title":{"rendered":"Pressemitteilung: Die Suchmaschine MetaGer f\u00fchrt eine kostenpflichtige werbefreie Suche ein"},"content":{"rendered":"<p><em>Die Nutzung der deutsch- sowie englischsprachigen Web-Suche kann ab jetzt optional \u00fcber ein <\/em><em><strong>Bezahlsystem<\/strong><\/em><em> erfolgen, das den Vorteil der <\/em><em><strong>Werbefreiheit<\/strong><\/em><em> mit sich bringt. Die Bildersuche der kostenfreien Suche ist von jetzt an nur noch eingeschr\u00e4nkt m\u00f6glich.<\/em><\/p>\n\n\n\n<p><strong>Hannover, 26.04.2023<\/strong> Seit 2020 bietet die Suchmaschine MetaGer f\u00fcr die Mitglieder des MetaGer-Tr\u00e4gervereins SUMA-EV eine werbefreie Suche an, die sich inzwischen gro\u00dfer Beliebtheit erfreut. Es hat sich herausgestellt: Viele NutzerInnen w\u00fcrden gerne werbefrei suchen, ohne zwingend eine SUMA-Mitgliedschaft eingehen zu m\u00fcssen. Deshalb \u2013 und um dem Wunsch nach \u201eunverf\u00e4lschten\u201c Ergebnissen nachzukommen &#8211; hatten die Betreiber von MetaGer schon l\u00e4nger den Plan, die aktuell nur f\u00fcr Mitglieder des Vereins zug\u00e4ngliche werbefreie Suche auch f\u00fcr Personen ohne Vereinsmitgliedschaft kostenpflichtig anzubieten. Bedingt durch die aktuellen Entwicklungen bei Microsoft\/ Bing und damit verbundene h\u00f6here Kosten f\u00fcr den Abruf der Bing-Suchergebnisse, so auch der Bildersuche, war MetaGer gezwungen, den Plan schneller als geplant umzusetzen und das Finanzierungsmodell an die neuen Gegebenheiten anzupassen.<\/p>\n\n\n\n<p>Mit der Option der Bezahlsuche k\u00f6nnen somit alle NutzerInnen von den Vorteilen einer werbefreien Suche profitieren. Als auf den Datenschutz fokussierte Suchmaschine war es den Entwicklern wichtig, auch M\u00f6glichkeiten der Bezahlung anzubieten, mit denen eine v\u00f6llige Anonymit\u00e4t m\u00f6glich ist, so die M\u00f6glichkeit der Bargeldzahlung. Dieser Fokus auf ein H\u00f6chstma\u00df an Anonymit\u00e4t stellt eine Besonderheit dar.<\/p>\n\n\n\n<p><strong>Verschl\u00fcsseltes Verfahren<\/strong><\/p>\n\n\n\n<p>Meistens muss dem Diensten vertraut werden, dass sie keine Tracking Daten erheben. Besser w\u00e4re es, wenn das Vertrauen in die Redlichkeit des Dienstes nicht notwendig ist, sondern kryptographisch sichergestellt wird. Es ist also entscheidend, Anonymit\u00e4t auf allen Ebenen eines Vorgangs sicher zu stellen. Dies ist im Rahmen der kostenpflichtigen Version der Suche realisiert worden.<\/p>\n\n\n\n<p>Das kryptographische Verfahren, das hinter der anonymen Abwicklung der werbefreien Bezahlsuche steht, ist als solches nicht neu. Es hei\u00dft \u201eblinde Signatur\u201c und ist ein Verfahren, das auch bei Wahlvorg\u00e4ngen eingesetzt wird, wo trotz relevanter Information \u00fcber den Status der Wahlberechtigung die Anonymit\u00e4t des W\u00e4hlenden sichergestellt werden muss. Dabei handelt es sich um eine Art der digitalen Unterschrift, bei der die Unterschreibenden nicht sehen, was sie unterschreiben.<\/p>\n\n\n\n<p>Bei der anonymen Bezahlsuche geht es nun darum, die Abwicklung der Schl\u00fcsselausgabe von theoretisch personenbeziehbaren Daten aus dem Bezahlvorgang abzukoppeln, um auszuschlie\u00dfen, dass R\u00fcckschl\u00fcsse auf die Identit\u00e4t der NutzerInnen gezogen werden k\u00f6nnen. Dies wird mit einem kryptographischen Token-Verfahren realisiert: Die NutzerInnen generieren f\u00fcr jede einzelne Suche auf dem Endger\u00e4t ein eigenes zuf\u00e4lliges Passwort, um damit &#8211; von MetaGer nicht r\u00fcckschlie\u00dfbar &#8211; Zugriff auf das pers\u00f6nliche Schl\u00fcsselkontingent zu erwirken. Dies geschieht, w\u00e4hrend die f\u00fcr die Schl\u00fcsselzuweisung relevante Information \u201eblind\u201c weitergegeben wird. Der Vorteil des Verfahrens: die Nachweisbarkeit ist dadurch gew\u00e4hrleistet und MetaGer genau so anonym wie behauptet. Hier finden Sie Details \u00fcber \u201eanonyme Token\u201c: <a href=\"https:\/\/metager.de\/keys\/help\/anonymous-token\">https:\/\/metager.de\/keys\/help\/anonymous-token<\/a><\/p>\n\n\n\n<p><strong>Bezahlen: leicht gemacht<\/strong><\/p>\n\n\n\n<p>Die Umstellung auf die kostenpflichtige Suche ist f\u00fcr die NutzerInnen ohne gro\u00dfe H\u00fcrden umzusetzen: der neue Schl\u00fcssel l\u00e4sst sich einfach per Mausklick erstellen. Die Schl\u00fcssel sind nicht personalisiert und k\u00f6nnen verschenkt oder mit anderen Personen geteilt werden.<\/p>\n\n\n\n<p>Doch welche Kosten kommen auf die NutzerInnen zu, die sich f\u00fcr eine Bezahlsuche entscheiden? Wer mit MetaGer werbefrei suchen m\u00f6chte, wird derzeit mit monatlichen Kosten von ungef\u00e4hr 10 Euro rechnen m\u00fcssen. F\u00fcr diesen Betrag erhalten die NutzerInnen ein Kontingent an 300 Suchen, das bei einem \u201enormalen\u201c Suchverhalten ausreichend gro\u00df sein wird. Hier k\u00f6nnen Sie N\u00e4heres \u00fcber die Preisgestaltung erfahren: <a href=\"https:\/\/metager.de\/keys\/cost\">https:\/\/metager.de\/keys\/cost<\/a><\/p>\n\n\n\n<p><strong>Bezahlversionen gewinnen an Bedeutung<\/strong><\/p>\n\n\n\n<p>Damit greift MetaGer einen Trend auf, der sich im Bereich der Werbewirtschaft derzeit generell abzeichnet. \u201eKlassische\u201c Werbung verliert an Bedeutung. Inzwischen verlagert sich Werbung zunehmend auf die sozialen Netzwerke, wo Marketing eine v\u00f6llig neue Gestalt annimmt und mit dem Content in einer Weise verschwimmt, dass er als Werbung nicht mehr erkennbar ist. Viele Plattformen und Internetdiensten stellen sich auf diese neue Situation gerade um.<\/p>\n\n\n\n<p>F\u00fcr einige Suchmaschinen kommt ein weiteres, schon oben erw\u00e4hntes Problem hinzu: Die abgefragte Suchmaschine Bing, f\u00fcr deren Suchergebnisse MetaGer bezahlen muss, hat &#8211; vermutlich im Zusammenhang mit der Entwicklung von ChatGPT &#8211; die Preise f\u00fcr die Ergebnisse der einfachen Websuche verf\u00fcnffacht, die Abfrage der Bildersuche wurde sogar sieben mal so teuer. Das ist eine drastische Preiserh\u00f6hung. Gesch\u00e4ftsmodelle, die auf der Nutzung der Bing-Suchergebnisse basieren &#8211; so die BetreiberInnen kleinerer Suchmaschinen ohne eigenen oder mit nur kleinem Index \u2013 oder die die Bing-Bildersuche eingebunden haben, k\u00f6nnen ohne angepasstes Finanzierungskonzept nicht mehr bestehen.<\/p>\n\n\n\n<p><strong>Kostenpflichtige Suche \u2013 nur eine Option<\/strong><\/p>\n\n\n\n<p>F\u00fcr die einfache Websuche wird es weiterhin parallel zur kostenpflichtigen auch die kostenlose, werbefinanzierte Suche geben. Der Kauf eines Kontingents an werbefreien Suchen wird hier also \u2013 sowohl f\u00fcr die deutsche als auch f\u00fcr die englischsprachige Suche &#8211; <strong>optional<\/strong> sein. Features wie die Bildersuche auf der Basis der Bing-Bildersuche werden zuk\u00fcnftig allerdings nur noch unter Verwendung eines Schl\u00fcssels und also in der Bezahlversion nutzbar sein. Die Mitglieder des gemeinn\u00fctzigen Vereins SUMA-EV, der die Suchmaschine MetaGer betreibt, erhalten auch weiterhin einen Schl\u00fcssel mit einem Kontingent, der in der Mitgliedschaft ohne Extrakosten enthalten ist. Dieser Key f\u00fcr die Mitglieder wird nach wie vor automatisch aufgeladen.<\/p>\n\n\n\n<p><strong>\u00dcber MetaGer\/ SUMA-EV<\/strong><\/p>\n\n\n\n<p>MetaGer ist eine deutsche Meta-Suchmaschine, die ab 1996 an der Universit\u00e4t Hannover entwickelt wurde. Seit 2004 ist MetaGer eingebunden in den SUMA-EV, der als gemeinn\u00fctziger Tr\u00e4gerverein fungiert und seinen Sitz in Hannover hat.<\/p>\n\n\n\n<p><strong>Pressekontakt:<\/strong><\/p>\n\n\n\n<p>MetaGer\/ SUMA-EV<\/p>\n\n\n\n<p>R\u00f6selerstra\u00dfe 3, Hannover<\/p>\n\n\n\n<p>Tel: 0511 34 0000 70<\/p>\n\n\n\n<p><a href=\"mailto:branz@suma-ev.de\">branz@suma-ev.de<\/a><\/p>","protected":false},"excerpt":{"rendered":"<p>Die Nutzung der deutsch- sowie englischsprachigen Web-Suche kann ab jetzt optional \u00fcber ein Bezahlsystem erfolgen, das den Vorteil der Werbefreiheit mit sich bringt. Die&#8230;<\/p>","protected":false},"author":2,"featured_media":0,"parent":0,"menu_order":0,"comment_status":"closed","ping_status":"closed","template":"","meta":{"footnotes":""},"class_list":["post-4374","page","type-page","status-publish","hentry"],"_links":{"self":[{"href":"https:\/\/suma-ev.de\/en\/wp-json\/wp\/v2\/pages\/4374","targetHints":{"allow":["GET"]}}],"collection":[{"href":"https:\/\/suma-ev.de\/en\/wp-json\/wp\/v2\/pages"}],"about":[{"href":"https:\/\/suma-ev.de\/en\/wp-json\/wp\/v2\/types\/page"}],"author":[{"embeddable":true,"href":"https:\/\/suma-ev.de\/en\/wp-json\/wp\/v2\/users\/2"}],"replies":[{"embeddable":true,"href":"https:\/\/suma-ev.de\/en\/wp-json\/wp\/v2\/comments?post=4374"}],"version-history":[{"count":1,"href":"https:\/\/suma-ev.de\/en\/wp-json\/wp\/v2\/pages\/4374\/revisions"}],"predecessor-version":[{"id":4375,"href":"https:\/\/suma-ev.de\/en\/wp-json\/wp\/v2\/pages\/4374\/revisions\/4375"}],"wp:attachment":[{"href":"https:\/\/suma-ev.de\/en\/wp-json\/wp\/v2\/media?parent=4374"}],"curies":[{"name":"wp","href":"https:\/\/api.w.org\/{rel}","templated":true}]}}