{"id":4669,"date":"2025-02-13T12:08:37","date_gmt":"2025-02-13T11:08:37","guid":{"rendered":"https:\/\/suma-ev.de\/?page_id=4669"},"modified":"2025-02-13T12:08:37","modified_gmt":"2025-02-13T11:08:37","slug":"beitragsordnung","status":"publish","type":"page","link":"https:\/\/suma-ev.de\/en\/beitragsordnung\/","title":{"rendered":"Beitragsordnung"},"content":{"rendered":"<p><a href=\"https:\/\/suma-ev.de\/wp-content\/uploads\/2025\/02\/2025-02-06-Beitragsordnung.pdf\">Beitragsordnung (PDF)<\/a><\/p>\n\n\n\n<p><strong>Vorstandsbeschluss einer Beitragsordnung<\/strong><br>\u2013 F\u00fcr die Zahlung der Mitgliederbeitr\u00e4ge k\u00f6nnen monatliche, dreimonatliche, halbj\u00e4hrliche<br>oder auch j\u00e4hrliche Zahlungsintervalle gew\u00e4hlt werden.<br>\u2013 Die Mitgliedschaft beginnt, sobald dem Aufnahmeantrag durch den Vorstand<br>entsprochen wird. Eine E-Mail best\u00e4tigt den Beginn der Mitgliedschaft.<\/p>\n\n\n\n<ul class=\"wp-block-list\">\n<li>Die Beitr\u00e4ge werden im Voraus f\u00fcr das selbst gew\u00e4hlte Zahlungsintervall entrichtet. F\u00fcr<br>diese Zeit besteht dann die Mitgliedschaft.<br>\u2013 Der Mindestbeitrag f\u00fcr nat\u00fcrliche Personen betr\u00e4gt 5 Euro monatlich.<br>\u2013 Der empfohlene Mindestbeitrag f\u00fcr nat\u00fcrliche Personen betragt 10 Euro monatlich.<\/li>\n\n\n\n<li>Der erm\u00e4\u00dfigte Mindestbeitrag f\u00fcr nat\u00fcrliche Personen betr\u00e4gt 2,50 Euro f\u00fcr in<br>Ausbildung befindliche, f\u00fcr berentete Personen und f\u00fcr Einkommen bis 2000 Euro<br>brutto. Ab dem 1.1.2025 gilt eine Nachweispflicht f\u00fcr Neumitglieder. F\u00fcr bestehende<br>Mitglieder gilt die Nachweispflicht zum 1.1.2026. Die jeweilige Eigenschaft muss mit<br>geeigneten Bescheiden oder Bescheinigungen unaufgefordert nachgewiesen werden.<br>Im Fall der Berentung wegen Alters aber nur einmalig. Bei fehlendem Nachweis f\u00fcr eine<br>Erm\u00e4\u00dfigung gilt der Mindestbeitrag ab Beginn des nachsten Zahlungsintervalls.<br>\u2013 Der Mindestbeitrag f\u00fcr juristische Personen betr\u00e4gt gestaffelt:<br>\u2013 5 Euro monatlich bei 1 bis 19 Mitarbeitenden oder Besch\u00e4ftigten<br>\u2013 100 Euro monatlich bei 20 bis 199 Mitarbeitenden oder Besch\u00e4ftigten<br>\u2013 200 Euro monatlich bei 200 oder mehr Mitarbeitenden oder Besch\u00e4ftigten<\/li>\n<\/ul>\n\n\n\n<p>Erfolgt keine Mitteilung \u00fcber eine gew\u00fcnschte Beitrags\u00e4nderung, so wird die gew\u00e4hlte H\u00f6he<br>auch f\u00fcr das folgende Intervall beibehalten.<\/p>\n\n\n\n<p><\/p>","protected":false},"excerpt":{"rendered":"<p>Beitragsordnung (PDF) Vorstandsbeschluss einer Beitragsordnung\u2013 F\u00fcr die Zahlung der Mitgliederbeitr\u00e4ge k\u00f6nnen monatliche, dreimonatliche, halbj\u00e4hrlicheoder auch j\u00e4hrliche Zahlungsintervalle gew\u00e4hlt werden.\u2013 Die Mitgliedschaft beginnt, sobald dem&#8230;<\/p>","protected":false},"author":3,"featured_media":0,"parent":0,"menu_order":0,"comment_status":"closed","ping_status":"closed","template":"","meta":{"footnotes":""},"class_list":["post-4669","page","type-page","status-publish","hentry"],"_links":{"self":[{"href":"https:\/\/suma-ev.de\/en\/wp-json\/wp\/v2\/pages\/4669","targetHints":{"allow":["GET"]}}],"collection":[{"href":"https:\/\/suma-ev.de\/en\/wp-json\/wp\/v2\/pages"}],"about":[{"href":"https:\/\/suma-ev.de\/en\/wp-json\/wp\/v2\/types\/page"}],"author":[{"embeddable":true,"href":"https:\/\/suma-ev.de\/en\/wp-json\/wp\/v2\/users\/3"}],"replies":[{"embeddable":true,"href":"https:\/\/suma-ev.de\/en\/wp-json\/wp\/v2\/comments?post=4669"}],"version-history":[{"count":1,"href":"https:\/\/suma-ev.de\/en\/wp-json\/wp\/v2\/pages\/4669\/revisions"}],"predecessor-version":[{"id":4670,"href":"https:\/\/suma-ev.de\/en\/wp-json\/wp\/v2\/pages\/4669\/revisions\/4670"}],"wp:attachment":[{"href":"https:\/\/suma-ev.de\/en\/wp-json\/wp\/v2\/media?parent=4669"}],"curies":[{"name":"wp","href":"https:\/\/api.w.org\/{rel}","templated":true}]}}