{"id":4789,"date":"2026-02-03T12:39:40","date_gmt":"2026-02-03T11:39:40","guid":{"rendered":"https:\/\/suma-ev.de\/?page_id=4789"},"modified":"2026-04-01T09:02:47","modified_gmt":"2026-04-01T07:02:47","slug":"digital-independence-day","status":"publish","type":"page","link":"https:\/\/suma-ev.de\/en\/aktivitaeten\/digital-independence-day\/","title":{"rendered":"Di.Day"},"content":{"rendered":"<figure class=\"wp-block-image size-large\"><img loading=\"lazy\" decoding=\"async\" width=\"1024\" height=\"372\" src=\"https:\/\/suma-ev.de\/wp-content\/uploads\/2026\/02\/Gruene-Ampel-frei-1024x372.jpg\" alt=\"\" class=\"wp-image-4798\" srcset=\"https:\/\/suma-ev.de\/wp-content\/uploads\/2026\/02\/Gruene-Ampel-frei-1024x372.jpg 1024w, https:\/\/suma-ev.de\/wp-content\/uploads\/2026\/02\/Gruene-Ampel-frei-300x109.jpg 300w, https:\/\/suma-ev.de\/wp-content\/uploads\/2026\/02\/Gruene-Ampel-frei-768x279.jpg 768w, https:\/\/suma-ev.de\/wp-content\/uploads\/2026\/02\/Gruene-Ampel-frei-1536x558.jpg 1536w, https:\/\/suma-ev.de\/wp-content\/uploads\/2026\/02\/Gruene-Ampel-frei-18x7.jpg 18w, https:\/\/suma-ev.de\/wp-content\/uploads\/2026\/02\/Gruene-Ampel-frei.jpg 1920w\" sizes=\"auto, (max-width: 1024px) 100vw, 1024px\" \/><\/figure>\n\n\n\n<h2 class=\"wp-block-heading\">Termine\/ Themen\/ Aktivit\u00e4ten<\/h2>\n\n\n\n<h3 class=\"wp-block-heading\">Di.Day \u2013 Digital Independence Day <\/h3>\n\n\n\n<p>Der Di.Day ist ein aktuelles Aktionsevent rund um digitale Selbstbestimmung. Der immer am ersten Sonntag eines Monats stattfindende Tag soll daran erinnern, wie wichtig Privatsph\u00e4re, Transparenz und Wahlfreiheit in der digitalen Welt sind. Der Tag wurde ins Leben gerufen, um das Bewusstsein f\u00fcr unabh\u00e4ngige, faire und offene Technologien zu st\u00e4rken und Menschen zu empowern, sich kritisch mit digitalen Angeboten auseinanderzusetzen. Unterst\u00fctzt wird er von Organisationen, Initiativen und Mitarbeitenden aus dem Bereich Datenschutz, Zivilgesellschaft, Digitalkommunity und Bildung, die sich f\u00fcr eine offene, unabh\u00e4ngige digitale Infrastruktur einsetzen.<\/p>\n\n\n\n<p>Bisherige Beitr\u00e4ge auf dieser Seite: <\/p>\n\n\n\n<p><a href=\"#linux\">Linux<\/a>   |  <a href=\"#tuta\"> <\/a><a href=\"#tuta\">Email<\/a>   |   <a href=\"#owi\">Open Web Index<\/a><\/p>\n\n\n\n<p>_________________<\/p>\n\n\n\n<h3 class=\"wp-block-heading\" id=\"linux\">Linux<\/h3>\n\n\n\n<p>Ja, es ist schon wieder ein Monat rum und es ist schon wieder Digital Independence Day! Das ist wie der Gang zum Gym: &#8222;heute aber wirklich&#8220;. Aber ob nun der innere Schweinehund \u00fcberwunden werden muss, oder der Geldbeutel leer ist- in jedem Fall muss etwas getan werden. Wir wollen nun angesichts der vielen nicht Windows 11 f\u00e4higen Computer, die ihr Dasein in dunklen Schubladen fristen m\u00fcssen, zeigen, dass diese ihren Wert gar nicht verloren haben.<\/p>\n\n\n\n<p>Dies soll nur eine kleine Handreichung sein, die zeigt, wie einfach es mittlerweile ist, auch einem alten und\/oder schwachbr\u00fcstigen Computer &#8211; ob nun Desktop- oder Laptopvariante- wieder Leben jenseits von nicht mehr supportetem Windows einzuhauchen. Die Leute, die sich damit auskennen, brauchen wirklich nicht weiterzulesen.<\/p>\n\n\n\n<h4 class=\"wp-block-heading\">&#8211; Was brauchen wir daf\u00fcr?<\/h4>\n\n\n\n<p>Da es sich um eine Anf\u00e4ngeranleitung handelt, gehen wir davon aus, dass Sie noch einen gebrauchsf\u00e4higen Windowscomputer zur Hand haben, um den Download durchzuf\u00fchren und den Bootstick zu erstellen. Gut ist auch, eine zus\u00e4tzliche Computermaus zu haben. Versuchen Sie an dieser Stelle, den alten Computer zu starten, um eventuell noch wichtige Dateien wie Fotos etc. zu finden, oder zu sichern. Startet er nicht, k\u00f6nnen Sie das Folgende praktisch immer trotzdem machen. Aber beachten Sie, dass alle alten Daten gel\u00f6scht werden.<\/p>\n\n\n\n<p>Nehmen wir einmal an, es ist ein wirklich schwacher Laptop, aber bereits mit 64-Bit Architektur (vielleicht auch mit wenig RAM). Die Entscheidung, welche der vielen Linuxdistributionen (Siehe Punkt 5 der Linkliste unten) Sie w\u00e4hlen k\u00f6nnten, kann Ihnen eigentlich niemand abnehmen. Wir entscheiden uns hier f\u00fcr ein total entschlacktes LUbuntu, ohne das im Einzelnen zu begr\u00fcnden.<\/p>\n\n\n\n<p>Wir m\u00fcssen es downloaden und finden es auf der Webseite <a href=\"https:\/\/cdimage.ubuntu.com\/lubuntu\/releases\/noble\/release\/\" target=\"_blank\" rel=\"noreferrer noopener nofollow\">https:\/\/cdimage.ubuntu.com\/lubuntu\/releases\/noble\/release\/<\/a>. Aus der Liste k\u00f6nnen wir momentan nur Iso-Dateien gebrauchen. W\u00e4hlen Sie die Datei mit dem wohlklingenden Namen &#8222;lubuntu-24.04.4-desktop-amd64.iso&#8220; aus der Liste. Es ist im M\u00e4rz 2026 die neueste Version.<\/p>\n\n\n\n<p>Wenn der Download komplett ist, dann kann es weitergehen. Nach dem Download befindet sich die Isodatei im Downloadordner Ihres Webbrowsers. Sie hat eine Gr\u00f6\u00dfe von 3,37 Gigabyte.<\/p>\n\n\n\n<p>Jetzt ben\u00f6tigen wir noch einen USB-Stick mit einer Gr\u00f6\u00dfe von wenigstens 9 Gigabyte. Gucken Sie vorher mal nach, ob noch irgendetwas auf dem Stick ist, denn nach dem Erzeugen des Bootsticks ist alles andere gel\u00f6scht. Der Stick wird in einen USB-Port des Windowscomputers gesteckt (beachten Sie dabei bitte unbedingt die Anleitung unter Punkt 6 unten).<\/p>\n\n\n\n<p>Wir brauchen nun eine Software, die uns mit Hilfe dieser Datei einen bootf\u00e4higen USB-Stick erzeugt, mit dem wir also einen Computer starten k\u00f6nnen. Unten in der Linksammlung unter Punkt 1 finden Sie ein weiteres Beispiel, wir verwenden hier mal die Software &#8222;Rufus&#8220;, also den ersten Link dort. Wir gehen auf die Seite und w\u00e4hlen in der kleinen Liste im Bereich &#8222;Download&#8220; den ersten Eintrag &#8222;rufus-4.13.exe&#8220; und klicken darauf. Die Software wird heruntergeladen und ist im Downloadordner. Dort starten wir deren Installation und das Rufus-Fenster erscheint. Klicken Sie auf das Wort &#8222;Auswahl&#8220; und nicht auf den Pfeil daneben. Ein Dialog erscheint und Sie w\u00e4hlen die eben heruntergeladene Isodatei im Downloadordner aus.<\/p>\n\n\n\n<h4 class=\"wp-block-heading\">&#8211; Wie machen wir das nun?<\/h4>\n\n\n\n<p>Nun kommt das spannendste der ganzen Sache. Oben im Feld &#8222;Laufwerk&#8220; zeigt Ihnen die Rufus-Software wahrscheinlich schon Ihren USB-Stick an. Falls nicht, dann m\u00fcssen Sie den Eintrag \u00e4ndern. <\/p>\n\n\n\n<p>Wenn Sie sich an dieser Stelle nicht sicher sind, was Sie w\u00e4hlen, dann lassen Sie es, denn dort wird w\u00e4hrend der Installation alles gel\u00f6scht. Beenden Sie dann bitte Rufus, starten Sie den Windows Dateiexplorer, w\u00e4hlen Sie auf der linken Seite den USB-Stick mit der rechten Maustaste aus und klicken auf &#8222;Formatieren&#8220;. Im Dialog tragen Sie einen selbstgew\u00e4hlten Namen ein und formatieren den Stick. W\u00e4hlen Sie &#8222;Schnellformatierung&#8220;. Nun starten Sie wieder Rufus (ist im Downloadordner) und k\u00f6nnen den Stick dann in der Auswahl am Namen erkennen. Wenn Sie in Rufus den Mauszeiger \u00fcber das ausgew\u00e4hlte Laufwerk halten (nicht klicken), dann erscheint noch eine Info.<\/p>\n\n\n\n<p>Ansonsten machen Sie als Anf\u00e4nger dort am besten keine weiteren Einstellungen und klicken unten auf Start. Dann lehnen Sie sich zur\u00fcck und warten, bis der Stick fertig ist.<\/p>\n\n\n\n<p>Wenn es soweit ist, dann nehmen Sie den schwachbr\u00fcstigen Laptop zur Hand und stecken den Stick in einen USB-Port. Schalten Sie den Laptop ein und dr\u00fccken Sie die Taste f\u00fcr das Bootmenu. Diese ist immer eine andere, damit klar wird, dass die Hersteller sich Gedanken dar\u00fcber gemacht haben. Unten in der Linksammlung unter Punkt 2 finden Sie wahrscheinlich Hilfe.<\/p>\n\n\n\n<p>Sollten Sie zu langsam sein, wird das alte Betriebssystem gestartet; scheuen Sie sich nicht, den Laptop einfach mit einem langen Tastendruck auszuschalten und es neu zu versuchen. Wenn Sie es geschafft haben, dann k\u00f6nnen Sie den selbst erzeugten Stick in der Liste sehen. W\u00e4hlen Sie ihn und booten sie von dort. Das Betriebssystem wird nun in einer Liveversion gestartet und am Computer selbst wird nichts ver\u00e4ndert. Das bedeutet, dass LUbuntu l\u00e4uft, aber noch nicht installiert ist. Auf dem Desktop starten Sie dann mit Doppelklick auf das Icon die &#8222;echte&#8220; Installation. Sie k\u00f6nnen verschiedene Dinge ausw\u00e4hlen, f\u00fcr die wir aber keine Empfehlungen geben k\u00f6nnen, da sich das nach Ihren Bed\u00fcrfnissen richtet. Allerdings sollten Sie die Option &#8222;Festplatte l\u00f6schen&#8220; w\u00e4hlen, denn ein alter schwacher Computer vertr\u00e4gt keine zwei Betriebssysteme und hat wahrscheinlich auch nicht genug Platz. Sie k\u00f6nnen dem Computer w\u00e4hrend der Installation Zugang zu Ihrem WLAN (so vorhanden) geben, oder auch direkt ein LAN-Kabel benutzen. Dies muss aber nur dann sein, wenn Sie die Option &#8222;Software von anderen Anbietern&#8220; gew\u00e4hlt haben. Wenn es fertig ist, nehmen Sie sich die Zeit und gucken sich mal um. Wir empfehlen, auch schon w\u00e4hrend der Installation eine Maus zu benutzen. Bei LUbuntu finden Sie unter dem Menupunkt &#8222;B\u00fcro&#8220; das komplette Libre-Office vorinstalliert. Alles sieht insgesamt sehr gewohnt f\u00fcr die Augen von Windowsnutzern aus.<\/p>\n\n\n\n<p>\u00dcbrigens geht es eigentlich so schnell, dass Sie ruhig mal experimentieren und alles einfach noch einmal mit anderen Einstellungen probieren k\u00f6nnen. Oder Sie versuchen es mit einer anderen Linuxversion. Der Vorgang ist immer der gleiche. Bei den verschiedenen Distributionen finden Sie hier und da den Namenszusatz &#8222;LTS&#8220;, das bedeutet &#8222;Long Term Service&#8220;, diese Version wird also noch auf lange Zeit mit Updates versorgt.<\/p>\n\n\n\n<h4 class=\"wp-block-heading\">&#8211; Was geht au\u00dferdem noch?<\/h4>\n\n\n\n<p>Zu guter Letzt: Sie k\u00f6nnen Linux \u00fcbrigens auch gleichzeitig (siehe unten Punkt 3) neben Windows betreiben, oder wenn Sie Feuer gefangen haben, sich einen eigenen Live-Stick machen, den Sie mit sich herumtragen und so jederzeit ein verl\u00e4ssliches Betriebssystem &#8211; dann mit pers\u00f6nlichem Speicherplatz zum Mitnehmen- \u00fcberall zur Hand zu haben. Eine von vielen Anleitungen finden Sie unter Punkt 4 unten. Sie k\u00f6nnen damit ein anderes auf dem aktuell benutzten Computer vorhandenes Betriebssystem (das ja nicht gebootet wurde) nach Viren scannen, ohne dass dieses, bzw. die Viren darin, etwas davon mitbekommen k\u00f6nnen. Dies machen Sie selbstverst\u00e4ndlich wenn \u00fcberhaupt nur bei Ihren eigenen Computern.<\/p>\n\n\n\n<p><strong>1.) Links zu Software f\u00fcr die Erstellung von bootf\u00e4higen USB-Sticks (2 Beispiele von vielen):<\/strong><\/p>\n\n\n\n<ul class=\"wp-block-list\">\n<li><a href=\"https:\/\/rufus.ie\/de\/\" target=\"_blank\" rel=\"noreferrer noopener nofollow\">https:\/\/rufus.ie\/de\/<\/a><\/li>\n\n\n\n<li><a href=\"https:\/\/www.heise.de\/download\/product\/unetbootin-universal-netboot-installer-56487\" target=\"_blank\" rel=\"noreferrer noopener nofollow\">https:\/\/www.heise.de\/download\/product\/unetbootin-universal-netboot-installer-56487<\/a><\/li>\n<\/ul>\n\n\n\n<p><strong>2.) Link zu Informationen \u00fcber Tastenkombinationen:<\/strong><\/p>\n\n\n\n<ul class=\"wp-block-list\">\n<li><a href=\"https:\/\/www.pcffm.de\/gesamtliste-tastenkombinationen-bios-uefi-bootmenu-startoptionen-alle-hersteller-asus-acer-dell-lenovo-hp-msi-gigabyte\/\" target=\"_blank\" rel=\"noreferrer noopener nofollow\">https:\/\/www.pcffm.de\/gesamtliste-tastenkombinationen-bios-uefi-bootmenu-startoptionen-alle-hersteller-asus-acer-dell-lenovo-hp-msi-gigabyte\/<\/a><\/li>\n<\/ul>\n\n\n\n<p><strong>3.) Links zu Informationen bei gleichzeitiger Benutzung verschiedener Betriebssysteme (3 Beispiele):<\/strong><\/p>\n\n\n\n<ul class=\"wp-block-list\">\n<li><a href=\"https:\/\/www.heise.de\/tipps-tricks\/Linux-neben-Windows-installieren-3885018.html\" target=\"_blank\" rel=\"noreferrer noopener nofollow\">https:\/\/www.heise.de\/tipps-tricks\/Linux-neben-Windows-installieren-3885018.html<\/a><\/li>\n\n\n\n<li><a href=\"https:\/\/www.pcwelt.de\/article\/1154124\/multiboot-windows-neben-linux-installieren-so-gehts.html\" target=\"_blank\" rel=\"noreferrer noopener nofollow\">https:\/\/www.pcwelt.de\/article\/1154124\/multiboot-windows-neben-linux-installieren-so-gehts.html<\/a><\/li>\n\n\n\n<li><a href=\"https:\/\/www.giga.de\/tipp\/windows-10-und-linux-parallel-nutzen-dual-boot-so-gehts\/\" target=\"_blank\" rel=\"noreferrer noopener nofollow\">https:\/\/www.giga.de\/tipp\/windows-10-und-linux-parallel-nutzen-dual-boot-so-gehts\/<\/a><\/li>\n<\/ul>\n\n\n\n<p><strong>4.) Link zu einer (etwas) weiterf\u00fchrenden Nutzung von Rufus<\/strong><\/p>\n\n\n\n<ul class=\"wp-block-list\">\n<li><a href=\"https:\/\/it-service-barth.de\/wie-man-einen-bootfaehigen-usb-stick-erstellt\/\" target=\"_blank\" rel=\"noreferrer noopener nofollow\">https:\/\/it-service-barth.de\/wie-man-einen-bootfaehigen-usb-stick-erstellt\/<\/a><\/li>\n<\/ul>\n\n\n\n<p><strong>5.) Link zur einer Liste von Linuxdistributionen<\/strong><\/p>\n\n\n\n<ul class=\"wp-block-list\">\n<li><a href=\"https:\/\/de.wikipedia.org\/wiki\/Liste_von_Linux-Distributionen\" target=\"_blank\" rel=\"noreferrer noopener nofollow\">https:\/\/de.wikipedia.org\/wiki\/Liste_von_Linux-Distributionen<\/a><\/li>\n<\/ul>\n\n\n\n<p><strong>6.) Anweisung f\u00fcr USB-Stecker (einzig bekannte):<\/strong><\/p>\n\n\n\n<p>Ein USB-Stecker oszilliert, wenn er unbeobachtet ist, immer zwischen den Positionen &#8222;Up&#8220;, &#8222;Down&#8220; oder &#8222;Super&#8220;. Sobald Sie ihn ansehen, loggt die Position entgegengesetzt zu der erforderlichen ein und kann nur durch Ber\u00fchrung mit einem USB-Port wieder befreit werden; der dann folgende Switch loggt den Stecker in die andere nicht erforderliche und kontr\u00e4re Position ein. Bei der zweiten Ber\u00fchrung mit dem Port wird dann die richtige Position geloggt und der Stecker passt. Wenn Sie den Stecker sofort drehen, ohne ihn anzusehen, oder den Computer auf den Kopf stellen, wird gar nicht geloggt.<\/p>\n\n\n\n<p>______________________________<\/p>\n\n\n\n<h3 class=\"wp-block-heading\" id=\"tuta\">Email<\/h3>\n\n\n\n<p>Da wir immer wieder gefragt werden, warum wir keinen eigenen Email-Dienst anbieten, m\u00f6chten wir Sie an dieser Stelle auf Tuta Mail als eine ausgefallene Alternative zu herk\u00f6mmlichen Email-Diensten hinweisen. Denn eins ist klar: selber anbieten k\u00f6nnen wir das nicht.<\/p>\n\n\n\n<p>Wir machen keine Werbung mehr, aber diese eine Ausnahme in Form einer Zusammenarbeit soll es geben, weil uns das Produkt gef\u00e4llt, wir Email wichtig finden und Tuta Mail werbefrei ist &#8211; <a href=\"https:\/\/tuta.com\/secure-email?t-src=sumaev\" target=\"_blank\" rel=\"noreferrer noopener\">Tuta.com<\/a><\/p>\n\n\n\n<p>Wie Sie wissen, sind uns einige Sachen sehr wichtig:<\/p>\n\n\n\n<ul class=\"wp-block-list\">\n<li>Da w\u00e4re der Datenschutz.<\/li>\n\n\n\n<li>Da w\u00e4ren die Kosten. Wie finanziert sich ein Dienst? Wenn er kostenlos ist, wie kommt das? Wo liegen die Daten gegebenenfalls?<\/li>\n\n\n\n<li>\u201eVerschl\u00fcsselung \/ Privatsph\u00e4re\u201c: hat man dort schon mal davon geh\u00f6rt?<\/li>\n\n\n\n<li>Werden Alternativen unterst\u00fctzt? Tuta Mail bietet neben der App auch einen Desktop Client f\u00fcr Linux an.<\/li>\n\n\n\n<li>Und dann w\u00e4re da noch: Tuta Mail wird in Hannover auf dem Hinterhof gemacht. Wie es sich geh\u00f6rt.<\/li>\n<\/ul>\n\n\n\n<p>Wir m\u00f6chten an dieser Stelle nicht weiter ins Detail gehen, sondern Sie auffordern, sich da selbst ein Bild zu machen.<\/p>\n\n\n\n<p>_______________________________________<\/p>\n\n\n\n<h3 class=\"wp-block-heading\" id=\"owi\">Open Web Index<\/h3>\n\n\n\n<p>Wir k\u00f6nnen nur digital unabh\u00e4ngig sein, wenn die digitale Infrastruktur unabh\u00e4ngig ist. Aus diesem Grund wurde der Aufbau eines Open Web Index von der EU finanziert. In mehreren Jahren flossen 8,5 Millionen Euro aus dem Horizon-Programm in das Projekt. Doch jetzt wurde die F\u00f6rderung beendet. Doch ohne \u00dcbergangs-F\u00f6rdermittel wird die aufw\u00e4ndige Pflege des aufgebauten Index schwierig. Nat\u00fcrlich wird nun alles getan, damit das Projekt weiter bestehen kann, aber diesen Bem\u00fchungen sind Grenzen gesetzt.<\/p>\n\n\n\n<p>Ein eigener Index reduziert die Abh\u00e4ngigkeit von gro\u00dfen Anbietern. Mit eigener Datenstruktur lassen sich eigene Suchdienste, KI-Anwendungen oder Suchfunktionen entwickeln \u2013 ohne an die Indizes der Gro\u00dfen gebunden zu sein.<\/p>\n\n\n\n<p>Denn verl\u00e4sst man sich nur auf wenige globale Suchmaschinen bzw. Indizes, hat dies gravierende Folgen: Wenn wenige Indizes steuern, was sichtbar ist, f\u00fchrt das zu einer Machtkonzentration, die wir nicht tolerieren sollten. Die Zensur- und Manipulationsrisiken sind gro\u00df, Inhalte k\u00f6nnen bevorzugt oder gel\u00f6scht werden. Wenn es bei den gro\u00dfen Anbietern Rechtsstreitigkeiten gibt, st\u00f6rt das ebenfalls den freien Zugang zu Wissen und Informationen. <\/p>\n\n\n\n<p>Deshalb braucht Europa mehrere, unabh\u00e4ngige Initiativen basierend auf dem Open Web Index statt einer Abh\u00e4ngigkeit von US-Plattformen.<\/p>\n\n\n\n<h2 class=\"wp-block-heading\"><strong>Von der Illusion zur informierten Entscheidung<\/strong><\/h2>\n\n\n\n<p>Das Versprechen \u201ealles umsonst\u201c hat sich auf unser Verst\u00e4ndnis von Digitalit\u00e4t gelegt \u2013 als w\u00e4re der Preis allein monet\u00e4r. In Wahrheit zahlen wir mit Aufmerksamkeit, Daten, Privatsph\u00e4re und manchmal auch mit der Unabh\u00e4ngigkeit der Informationsvermittlung. Kostenpflichtige Modelle k\u00f6nnen Qualit\u00e4t, Privatsph\u00e4re und Unabh\u00e4ngigkeit f\u00f6rdern \u2013 aber nur, wenn sie klar, fair und nutzerorientiert gestaltet sind. Nutzer, Journalismus, Zivilgesellschaft und Regulierung stehen gemeinsam in der Verantwortung, Modelle zu entwickeln, die Zugang, Freiheit und Informationsvielfalt bewahren. <\/p>\n\n\n\n<figure class=\"wp-block-embed is-type-wp-embed is-provider-einbettung wp-block-embed-einbettung\"><div class=\"wp-block-embed__wrapper\">\n<blockquote class=\"wp-embedded-content\" data-secret=\"u0r3YbAuMP\"><a href=\"https:\/\/suma-ev.de\/en\/von-kostenlos-zu-fair-bezahlt-wie-bezahlsysteme-unsere-informationswelten-veraendern-koennen\/\">Von kostenlos zu fair bezahlt: Wie Bezahlsysteme unsere Informationswelten ver\u00e4ndern k\u00f6nnen<\/a><\/blockquote><iframe loading=\"lazy\" class=\"wp-embedded-content\" sandbox=\"allow-scripts\" security=\"restricted\" style=\"position: absolute; visibility: hidden;\" title=\"&#8222;Von kostenlos zu fair bezahlt: Wie Bezahlsysteme unsere Informationswelten ver\u00e4ndern k\u00f6nnen&#8220; &#8211; \" src=\"https:\/\/suma-ev.de\/von-kostenlos-zu-fair-bezahlt-wie-bezahlsysteme-unsere-informationswelten-veraendern-koennen\/embed\/#?secret=JTK7CM0viQ#?secret=u0r3YbAuMP\" data-secret=\"u0r3YbAuMP\" width=\"600\" height=\"338\" frameborder=\"0\" marginwidth=\"0\" marginheight=\"0\" scrolling=\"no\"><\/iframe>\n<\/div><\/figure>","protected":false},"excerpt":{"rendered":"<p>Termine\/ Themen\/ Aktivit\u00e4ten Di.Day \u2013 Digital Independence Day Der Di.Day ist ein aktuelles Aktionsevent rund um digitale Selbstbestimmung. Der immer am ersten Sonntag eines&#8230;<\/p>","protected":false},"author":2,"featured_media":0,"parent":343,"menu_order":5,"comment_status":"closed","ping_status":"closed","template":"","meta":{"footnotes":""},"class_list":["post-4789","page","type-page","status-publish","hentry"],"_links":{"self":[{"href":"https:\/\/suma-ev.de\/en\/wp-json\/wp\/v2\/pages\/4789","targetHints":{"allow":["GET"]}}],"collection":[{"href":"https:\/\/suma-ev.de\/en\/wp-json\/wp\/v2\/pages"}],"about":[{"href":"https:\/\/suma-ev.de\/en\/wp-json\/wp\/v2\/types\/page"}],"author":[{"embeddable":true,"href":"https:\/\/suma-ev.de\/en\/wp-json\/wp\/v2\/users\/2"}],"replies":[{"embeddable":true,"href":"https:\/\/suma-ev.de\/en\/wp-json\/wp\/v2\/comments?post=4789"}],"version-history":[{"count":33,"href":"https:\/\/suma-ev.de\/en\/wp-json\/wp\/v2\/pages\/4789\/revisions"}],"predecessor-version":[{"id":4871,"href":"https:\/\/suma-ev.de\/en\/wp-json\/wp\/v2\/pages\/4789\/revisions\/4871"}],"up":[{"embeddable":true,"href":"https:\/\/suma-ev.de\/en\/wp-json\/wp\/v2\/pages\/343"}],"wp:attachment":[{"href":"https:\/\/suma-ev.de\/en\/wp-json\/wp\/v2\/media?parent=4789"}],"curies":[{"name":"wp","href":"https:\/\/api.w.org\/{rel}","templated":true}]}}