{"id":701,"date":"2019-06-06T11:20:03","date_gmt":"2019-06-06T10:20:03","guid":{"rendered":"https:\/\/beta.suma-ev.de\/?page_id=701"},"modified":"2021-11-25T08:16:41","modified_gmt":"2021-11-25T08:16:41","slug":"geschichte-des-suma-ev","status":"publish","type":"page","link":"https:\/\/suma-ev.de\/en\/geschichte-des-suma-ev\/","title":{"rendered":"History of SUMA-EV"},"content":{"rendered":"<figure class=\"wp-block-image\"><img loading=\"lazy\" decoding=\"async\" width=\"1024\" height=\"372\" src=\"https:\/\/suma-ev.de\/wp-content\/uploads\/2019\/06\/books-1024x372.png\" alt=\"\" class=\"wp-image-1468\" srcset=\"https:\/\/suma-ev.de\/wp-content\/uploads\/2019\/06\/books-1024x372.png 1024w, https:\/\/suma-ev.de\/wp-content\/uploads\/2019\/06\/books-300x109.png 300w, https:\/\/suma-ev.de\/wp-content\/uploads\/2019\/06\/books-768x279.png 768w, https:\/\/suma-ev.de\/wp-content\/uploads\/2019\/06\/books.png 1920w\" sizes=\"auto, (max-width: 1024px) 100vw, 1024px\" \/><\/figure>\n\n\n\n<p class=\"has-drop-cap\" style=\"font-size:17px\">Der <strong>SUMA-EV<\/strong> ist ein eingetragener Verein mit dem Gesch\u00e4ftssitz in Hannover. Eine der Hauptt\u00e4tigkeiten des Vereins ist der Betrieb der maximal datensicheren Suchmaschine <a href=\"https:\/\/metager.org\">MetaGer<\/a>, die Ihre Privatsph\u00e4re respektiert. Dieser Fokus auf Datensicherheit ist auch in unserer <a href=\"\/en\/satzung\/\">Statutes<\/a> fest verankert. <\/p>\n\n\n\n<hr class=\"wp-block-separator\"\/>\n\n\n\n<h2 class=\"wp-block-heading\">Meta-Suchmaschine mit Privatsph\u00e4renschutz<\/h2>\n\n\n\n<p class=\"styled-text-wqix\" style=\"font-size:17px\">Der Verein wurde am 5. Juli 2004 gegr\u00fcndet und f\u00fchrte zun\u00e4chst den Namen \u201eGemeinn\u00fctziger Verein zur F\u00f6rderung der Suchmaschinen-Technologie und des freien Wissenszugangs, SuMa-eV&#8220;. Im Jahr 2009 wurde der Verein in \u201e<strong>SUMA-EV \u2013 Verein f\u00fcr freien Wissenszugang<\/strong>\u201c umbenannt.  Zu den Gr\u00fcndungsmitgliedern geh\u00f6ren u.a. <a href=\"https:\/\/de.wikipedia.org\/wiki\/Wolfgang_Sander-Beuermann\">Wolfgang Sander-Beuermann<\/a>, <a href=\"https:\/\/de.wikipedia.org\/wiki\/Karlheinz_Brandenburg\">Karlheinz Brandenburg<\/a>, <a href=\"https:\/\/de.wikipedia.org\/wiki\/Wolfgang_Ertmer\">Wolfgang Ertmer<\/a> und Rainer Appelt. <strong>Prof. Karlheinz Brandenburg, MP3-Erfinder und Direktor des Instituts f\u00fcr Medientechnik der TU Ilmenau, ist Schirmherr des SUMA-EV.<\/strong><\/p>\n\n\n\n<p style=\"font-size:17px\"><strong><a href=\"https:\/\/metager.org\">MetaGer<\/a><\/strong> wurde 1996 im Regionalen Rechenzentrum f\u00fcr Niedersachsen, Uni-Hannover, entwickelt. <a rel=\"noreferrer noopener\" href=\"https:\/\/suma-ev.de\/en\/generationswechsel-bei-metager\/\" target=\"_blank\" data-type=\"URL\" data-id=\"https:\/\/suma-ev.de\/generationswechsel-bei-metager\/\">Here<\/a> k\u00f6nnen Sie unter &#8222;Geschichte(n) des Internet&#8220; die kleine Anekdote Dr. Wolfang Sander-Beuermanns nachlesen, wie (und wo&#8230;) die Idee der grundlegenden Technik aufgekommen ist. Zu Beginn als Programm entwickelt, mit dem man Informationen auf unterschiedlichen Uni-Servern leichter abfragen konnte, wurde das Prinzip der zusammengefassten Suche in der Folge bald schon auf die allgemeine Websuche angewandt. Daraus entwickelte sich eine <a rel=\"noopener noreferrer\" href=\"https:\/\/de.wikipedia.org\/wiki\/Metasuchmaschine\" target=\"_blank\">Metasuchmaschine <\/a> heutigen Zuschnitts, die andere Web-Suchmaschinen befragt und damit die Websuche erleichtert. <\/p>\n\n\n\n<hr class=\"wp-block-separator\"\/>\n\n\n\n<figure class=\"wp-block-image\"><img loading=\"lazy\" decoding=\"async\" width=\"1024\" height=\"372\" src=\"https:\/\/suma-ev.de\/wp-content\/uploads\/2019\/09\/web-taubenkacke-1024x372.png\" alt=\"\" class=\"wp-image-2523\" srcset=\"https:\/\/suma-ev.de\/wp-content\/uploads\/2019\/09\/web-taubenkacke-1024x372.png 1024w, https:\/\/suma-ev.de\/wp-content\/uploads\/2019\/09\/web-taubenkacke-300x109.png 300w, https:\/\/suma-ev.de\/wp-content\/uploads\/2019\/09\/web-taubenkacke-768x279.png 768w, https:\/\/suma-ev.de\/wp-content\/uploads\/2019\/09\/web-taubenkacke.png 1920w\" sizes=\"auto, (max-width: 1024px) 100vw, 1024px\" \/><\/figure>\n\n\n\n<h2 class=\"wp-block-heading\">Und pl\u00f6tzlich war da ein Unternehmen namens Google&#8230;.<\/h2>\n\n\n\n<p style=\"font-size:17px\">Als Google sich dann ab der Jahrtausendwende zum Giganten aufschwang, \u00e4nderte sich die Bedeutung und Ausrichtung von MetaGer. Alternativen zum Monopolisten mussten jetzt her, insbesondere als Google auf Grundlage seines auf Werbung basierenden Gesch\u00e4ftsprinzips <a rel=\"noopener noreferrer\" href=\"https:\/\/de.wikipedia.org\/wiki\/Google_Ads\" target=\"_blank\">AdWords<\/a> begann, die Daten seiner Nutzer massenhaft zu speichern. Entsprechend wurde MetaGer technisch aufger\u00fcstet (Proxy-Technik), um eine anonyme Suche zu erm\u00f6glichen.<\/p>\n\n\n\n<p style=\"font-size:17px\">Die Einbettung der Suchmaschine in einen Verein 2004 bewirkte, dass nicht mehr nur die Technik im Fokus stand, sondern auch politische, soziale und gesellschaftliche Aspekte in den Vordergrund traten: Die Auseinandersetzung mit der eigenen Rolle auf einem zunehmend kommerzialisierten Suchmaschinenmarkt. So wurden beispielsweise im Rahmen der SUMA-Kongresse die Auswirkungen von \u00dcberwachung und Monopolbildung der Internetdienstleister thematisiert. <\/p>\n\n\n\n<p class=\"has-very-light-gray-background-color has-background\" style=\"font-size:17px\">Zudem entwickelte sich SUMA-EV immer mehr zu einer Art <strong><a href=\"https:\/\/suma-ev.de\/en\/alternative-sumas-im-suma-ev\/\">Dachverband<\/a><\/strong> europ\u00e4ischer alternativer Suchmaschinen.<\/p>\n\n\n\n<hr class=\"wp-block-separator\"\/>\n\n\n\n<p style=\"font-size:17px\"><strong>Gesch\u00e4ftsf\u00fchrender Vorstand<\/strong> war bis 31. Januar 2019 <a href=\"https:\/\/de.wikipedia.org\/wiki\/Wolfgang_Sander-Beuermann\"><strong>Wolfgang Sander-Beuermann<\/strong><\/a><strong>.<\/strong> Seit dem 1. Februar 2019 ist <strong>Dominik Hebeler <\/strong>Gesch\u00e4ftsf\u00fchrendes Vorstandsmitglied.<\/p>\n\n\n\n<hr class=\"wp-block-separator\"\/>","protected":false},"excerpt":{"rendered":"<p>Der SUMA-EV ist ein eingetragener Verein mit dem Gesch\u00e4ftssitz in Hannover. Eine der Hauptt\u00e4tigkeiten des Vereins ist der Betrieb der maximal datensicheren Suchmaschine MetaGer,&#8230;<\/p>","protected":false},"author":4,"featured_media":0,"parent":0,"menu_order":0,"comment_status":"closed","ping_status":"closed","template":"","meta":{"footnotes":""},"class_list":["post-701","page","type-page","status-publish","hentry"],"_links":{"self":[{"href":"https:\/\/suma-ev.de\/en\/wp-json\/wp\/v2\/pages\/701","targetHints":{"allow":["GET"]}}],"collection":[{"href":"https:\/\/suma-ev.de\/en\/wp-json\/wp\/v2\/pages"}],"about":[{"href":"https:\/\/suma-ev.de\/en\/wp-json\/wp\/v2\/types\/page"}],"author":[{"embeddable":true,"href":"https:\/\/suma-ev.de\/en\/wp-json\/wp\/v2\/users\/4"}],"replies":[{"embeddable":true,"href":"https:\/\/suma-ev.de\/en\/wp-json\/wp\/v2\/comments?post=701"}],"version-history":[{"count":86,"href":"https:\/\/suma-ev.de\/en\/wp-json\/wp\/v2\/pages\/701\/revisions"}],"predecessor-version":[{"id":3918,"href":"https:\/\/suma-ev.de\/en\/wp-json\/wp\/v2\/pages\/701\/revisions\/3918"}],"wp:attachment":[{"href":"https:\/\/suma-ev.de\/en\/wp-json\/wp\/v2\/media?parent=701"}],"curies":[{"name":"wp","href":"https:\/\/api.w.org\/{rel}","templated":true}]}}