{"id":912,"date":"2019-06-13T10:28:45","date_gmt":"2019-06-13T08:28:45","guid":{"rendered":"https:\/\/beta.suma-ev.de\/?page_id=912"},"modified":"2025-04-14T10:28:21","modified_gmt":"2025-04-14T08:28:21","slug":"open-web-index","status":"publish","type":"page","link":"https:\/\/suma-ev.de\/en\/open-web-index\/","title":{"rendered":"Open Web Index"},"content":{"rendered":"<figure class=\"wp-block-image\"><img loading=\"lazy\" decoding=\"async\" width=\"1024\" height=\"372\" src=\"https:\/\/suma-ev.de\/wp-content\/uploads\/2019\/07\/mann-comp-1024x372.png\" alt=\"\" class=\"wp-image-1991\" srcset=\"https:\/\/suma-ev.de\/wp-content\/uploads\/2019\/07\/mann-comp-1024x372.png 1024w, https:\/\/suma-ev.de\/wp-content\/uploads\/2019\/07\/mann-comp-300x109.png 300w, https:\/\/suma-ev.de\/wp-content\/uploads\/2019\/07\/mann-comp-768x279.png 768w, https:\/\/suma-ev.de\/wp-content\/uploads\/2019\/07\/mann-comp.png 1920w\" sizes=\"auto, (max-width: 1024px) 100vw, 1024px\" \/><\/figure>\n\n\n\n<p style=\"font-size:17px\" class=\"has-drop-cap\">Das Internet kann f\u00fcr die Informationssuche nur sinnvoll genutzt werden, wenn das Wissen in einem gigantischen Verzeichnis geordnet ist. Dieser <strong>Index der Suchmaschinen<\/strong> bildet die Infrastruktur des Internets. Um eine wirkliche Wissensbasis abzubilden, muss der Index viele Milliarden Dokumente umfassen und schnell abfragbar sein.<\/p>\n\n\n\n<hr class=\"wp-block-separator\"\/>\n\n\n\n<h2 class=\"wp-block-heading\">Wir brauchen einen eigenen Index<\/h2>\n\n\n\n<p style=\"font-size:17px\">Zurzeit gibt es vier gro\u00dfe, bekannte Indizes (Google, Bing, Yandex, Baidu). In Europa wird \u00fcberwiegend (auch von vielen alternativen Suchmaschinen) auf den Google-Index zugegriffen. Die<strong><em> <\/em><\/strong>Monopolstellung einer so grundlegenden Infrastruktur ist jedoch problematisch. Alternative Suchmaschinen, die auf den Google-(oder Bing-) Index zugreifen, haben letztlich die Gewichtung und Sortierung der Google- (oder eben Bing-) Ergebnisse als Basis und m\u00fcssen damit deren Auswahlfaktoren in Kauf nehmen.<\/p>\n\n\n\n<hr class=\"wp-block-separator\"\/>\n\n\n\n<figure class=\"wp-block-image\"><img loading=\"lazy\" decoding=\"async\" width=\"1024\" height=\"372\" src=\"https:\/\/suma-ev.de\/wp-content\/uploads\/2019\/09\/web-romantic-1024x372.png\" alt=\"\" class=\"wp-image-2525\" srcset=\"https:\/\/suma-ev.de\/wp-content\/uploads\/2019\/09\/web-romantic-1024x372.png 1024w, https:\/\/suma-ev.de\/wp-content\/uploads\/2019\/09\/web-romantic-300x109.png 300w, https:\/\/suma-ev.de\/wp-content\/uploads\/2019\/09\/web-romantic-768x279.png 768w, https:\/\/suma-ev.de\/wp-content\/uploads\/2019\/09\/web-romantic.png 1920w\" sizes=\"auto, (max-width: 1024px) 100vw, 1024px\" \/><\/figure>\n\n\n\n<h2 class=\"wp-block-heading\">Wir arbeiten an einer innovativen Wissens-Infrastruktur<\/h2>\n\n\n\n<p style=\"font-size:17px\">Unsere Schwesterorganisation <strong>Open Search Foundation<\/strong> ist eine Bewegung von Organisationen und Menschen, die sich f\u00fcr eine F\u00f6rderung von echten Alternativen einsetzt. Echte Alternative bedeutet: Die Erstellung eines eigenen, von Google unabh\u00e4ngigen Such-Indexes. Dieser Aufbau braucht finanzielle Ressourcen, Grundlagenforschung sowie ein politisches Fundament und wird mit diesen Erfordernissen eine Herausforderung unserer Zeit. <\/p>\n\n\n\n<p style=\"font-size:17px\">Der freie Zugang zu Informationen im Internet ist oberstes Ziel. Der SUMA-EV ist an der Entwicklung der Open Search Foundation beteiligt. Hier gehts zur <a href=\"https:\/\/opensearchfoundation.org\/en\/open-search-foundation-home\/\" rel=\"noopener noreferrer\" target=\"_blank\">Homepage der Open Search Foundation<\/a>.<\/p>\n\n\n\n<blockquote class=\"wp-block-quote is-layout-flow wp-block-quote-is-layout-flow\"><p>&#8222;Wo Gewinnstreben oder Machtinteressen \u00fcberhand nehmen, sind Neutralit\u00e4t  von Suchergebnissen und Datenschutz in Gefahr. Daher arbeitet die osf  frei von kommerziellen, politischen, weltanschaulichen und nationalen  Einzelinteressen. Diese Unabh\u00e4ngigkeit spiegelt sich auch im Konzept der  <a href=\"https:\/\/opensearchfoundation.org\/wie#opensearchprinzipien\">\u00f6ffentlichen Moderation<\/a> und im <a href=\"https:\/\/opensearchfoundation.org\/wie#opensearchprinzipien\">Open-Source-Gedanken<\/a>, die unserer Arbeit zugrunde liegen.&#8220;<\/p><cite>Open Search Foundation<\/cite><\/blockquote>","protected":false},"excerpt":{"rendered":"<p>Das Internet kann f\u00fcr die Informationssuche nur sinnvoll genutzt werden, wenn das Wissen in einem gigantischen Verzeichnis geordnet ist. Dieser Index der Suchmaschinen bildet&#8230;<\/p>","protected":false},"author":4,"featured_media":0,"parent":0,"menu_order":0,"comment_status":"closed","ping_status":"closed","template":"","meta":{"footnotes":""},"class_list":["post-912","page","type-page","status-publish","hentry"],"_links":{"self":[{"href":"https:\/\/suma-ev.de\/en\/wp-json\/wp\/v2\/pages\/912","targetHints":{"allow":["GET"]}}],"collection":[{"href":"https:\/\/suma-ev.de\/en\/wp-json\/wp\/v2\/pages"}],"about":[{"href":"https:\/\/suma-ev.de\/en\/wp-json\/wp\/v2\/types\/page"}],"author":[{"embeddable":true,"href":"https:\/\/suma-ev.de\/en\/wp-json\/wp\/v2\/users\/4"}],"replies":[{"embeddable":true,"href":"https:\/\/suma-ev.de\/en\/wp-json\/wp\/v2\/comments?post=912"}],"version-history":[{"count":32,"href":"https:\/\/suma-ev.de\/en\/wp-json\/wp\/v2\/pages\/912\/revisions"}],"predecessor-version":[{"id":4643,"href":"https:\/\/suma-ev.de\/en\/wp-json\/wp\/v2\/pages\/912\/revisions\/4643"}],"wp:attachment":[{"href":"https:\/\/suma-ev.de\/en\/wp-json\/wp\/v2\/media?parent=912"}],"curies":[{"name":"wp","href":"https:\/\/api.w.org\/{rel}","templated":true}]}}